{"id":157,"date":"2020-09-01T16:14:04","date_gmt":"2020-09-01T16:14:04","guid":{"rendered":"http:\/\/innotub.volcanicvalley.com\/?page_id=157"},"modified":"2020-09-14T10:41:41","modified_gmt":"2020-09-14T10:41:41","slug":"avis-legal","status":"publish","type":"page","link":"https:\/\/innotub.eu\/ca\/avis-legal\/","title":{"rendered":"Av\u00eds legal"},"content":{"rendered":"\n<p><strong>IRTA.cat<\/strong>&nbsp;(<a href=\"http:\/\/www.irta.cat\/\">http:\/\/www.irta.cat<\/a>) es un domini de l\u2019Institut de Recerca i tecnologia Agroaliment\u00e0ries (IRTA) amb NIF n\u00ba Q-5855049-B i domicili a Torre Marimon, C-59, Km. 12,1de Caldes de Montbui (Barcelona) CP-08140, tel. 93 467 40 40 i adre\u00e7a&nbsp;<a href=\"mailto:irta@irta.cat\">irta@irta.cat<\/a>.<\/p>\n\n\n\n<p>L\u2019IRTA es una empresa p\u00fablica de la Generalitat de Catalunya, regulada per la Llei 4\/2009 de 15 d\u2019abril del Parlament (BOE de 23 d\u2019abril de 2009) que te com a finalitats contribuir a la modernitzaci\u00f3, a la millora i l\u2019impuls de<em>&nbsp;<\/em>la competitivitat; al desenvolupament sostenible dels sectors agrari, alimentari, agroforestal, aq\u00fc\u00edcola i pesquer, i tamb\u00e9 dels directament o indirectament relacionats amb el prove\u00efment d\u2019aliments sans i de qualitat als consumidors finals; a la seguretat aliment\u00e0ria i a la transformaci\u00f3 dels aliments, i, en general, a la millora del benestar i la salut de la poblaci\u00f3.<\/p>\n\n\n\n<p>L\u2019IRTA exerceix la seva activitat directament o tamb\u00e9 a traves d\u2019una&nbsp;<strong>xarxa de centres consorciats&nbsp;<\/strong>(entre l\u2019IRTA, Universitats, CSIC, Diputacions, etc.) que pot definir-se com la d\u2019un sistema cooperatiu d\u2019R+D.<\/p>\n\n\n\n<p>Mitjan\u00e7ant el domini IRTA.cat, l\u2019empresa gestiona el seu portal web, sense perjudici que puntualment o de manera permanent hi pugui haver altres adreces electr\u00f2niques que tamb\u00e9 permetin accedir als continguts i serveis prestats mitjan\u00e7ant el lloc web IRTA.cat.<\/p>\n\n\n\n<h5>Acc\u00e9s Usuaris<\/h5>\n\n\n\n<p>L\u2019acc\u00e9s i\/o \u00fas dels portals de l\u2019IRTA atribueix la condici\u00f3 d\u2019usuari i implica l\u2019acceptaci\u00f3 de les condicions d\u2019acc\u00e9s i \u00fas que consten en aquest av\u00eds legal, aix\u00ed com la pol\u00edtica de privacitat i dades personals. Les citades condicions seran d\u2019aplicaci\u00f3 independentment de les condicions generals de contractaci\u00f3 i de comer\u00e7 electr\u00f2nic que en el seu cas resultin d\u2019aplicaci\u00f3 en les funcionalitats que ofereix el portal. L\u2019usuari es compromet a utilitzar els serveis i la informaci\u00f3 facilitada al portal IRTA.cat sota criteris de bona fe.<\/p>\n\n\n\n<p>L\u2019acc\u00e9s inicial al portal es gratu\u00eft. Tanmateix poden existir funcionalitats o serveis subjectes al pagament d\u2019un preu en les condicions que en cada cas s\u2019estableixen.<\/p>\n\n\n\n<p>En cas que per utilitzar determinades funcions o serveis es precisi el registre de l\u2019usuari, aquest s\u2019efectuar\u00e0 mitjan\u00e7ant formularis de recapta de dades i amb subjecci\u00f3 a les prevencions de la legislaci\u00f3 de protecci\u00f3 de dades personals que es descriuen en aquest avis legal.<\/p>\n\n\n\n<p>Per utilitzar el portal els menors d\u2019edat hauran de disposar del perm\u00eds dels pares, mares o representants legals, que en seran responsables.<\/p>\n\n\n\n<h5><strong>Protecci\u00f3 dels drets de propietat intel\u00b7lectual i industrial<\/strong><\/h5>\n\n\n\n<p>Son titularitat de l\u2019IRTA els drets de Propietat Intel\u00b7lectual i Industrial del portal IRTA.cat, que inclou els continguts i elements gr\u00e0fics, el seu codi font, disseny, estructura de navegaci\u00f3, bases de dades i altres elements que formen part del lloc web. Per tant, correspon en exclusiva a l\u2019IRTA l\u2019exercici, en exclusiva, dels drets d\u2019explotaci\u00f3 en qualsevol forma i, en concret, dels drets de reproducci\u00f3, distribuci\u00f3, comunicaci\u00f3 p\u00fablica i transformaci\u00f3. Qualsevol \u00fas o reproducci\u00f3 que els usuaris facin d\u2019aquests continguts, o d\u2019altres que es puguin incloure en el futur, s\u2019han de fer seguint les previsions i respectant les limitacions de la normativa de Propietat Intel\u00b7lectual i en qualsevol cas amb l\u2019autoritzaci\u00f3 de l\u2019IRTA, sense perjudici dels l\u00edmits que estableix el Reial decret 1\/1996, del 12 d\u2019abril, pel qual s\u2019aprova el text ref\u00f3s de la Llei de propietat intel\u00b7lectual .<\/p>\n\n\n\n<p><strong>Reserva de drets:<\/strong>&nbsp;L\u2019IRTA explicita una reserva de drets amb car\u00e0cter general respecte del conjunt dels continguts difosos en el lloc web que s\u00f3n objecte de propietat intel\u00b7lectual i industrial. D\u2019acord amb el previst a l\u2019article 32 del test ref\u00f3s de la Llei de Propietat intel\u00b7lectual, L\u2019IRTA s\u2019oposa expressament a la utilitzaci\u00f3 de qualsevol dels continguts del portal en qualsevol format, amb la finalitat de fer ressenyes o revistes de premsa, produccions audiovisual o qualsevol altra amb finalitat comercial, sense la seva pr\u00e8via autoritzaci\u00f3 expressa.<\/p>\n\n\n\n<p>Aquest av\u00eds legal no suposa cap cessi\u00f3 de drets a favor de l\u2019usuari en relaci\u00f3 a cap dels elements integrants de la web o dels seus continguts.<\/p>\n\n\n\n<p>No s\u2019autoritza en cap cas:<\/p>\n\n\n\n<ul><li>Presentaci\u00f3 d\u2019una p\u00e0gina del portal IRTA.cat o qualsevol contingut d\u2019aquesta en una finestra que no pertanyi a IRTA.cat per mitj\u00e0 de qualsevol t\u00e8cnica o procediment incloent&nbsp;<em>framing, in line linking, etc.<\/em><\/li><li>L\u2019extracci\u00f3 d\u2019elements del lloc web que causi perjudici a l\u2019IRTA conforme a les disposicions vigents.<\/li><li>L\u2019\u00fas comercial dels continguts del lloc web IRTA.cat.<\/li><li>L\u2019\u00fas de marques o signes distintius, logotips, combinacions de colors, estructura, disseny i en general s\u00edmbols distintius de qualsevol naturalesa, propietat de l\u2019IRTA, sense el coneixement i l\u2019autoritzaci\u00f3 corresponent de l\u2019empresa.<\/li><li>L\u2019\u00fas de continguts en activitats il\u00b7l\u00edcites, il\u00b7legals o contr\u00e0ries a la bona fe i l\u2019ordre p\u00fablic.<\/li><li>Difondre continguts o propaganda de car\u00e0cter racista o xen\u00f2fob, pornogr\u00e0fic, il\u00b7legal o que atempti contra els drets humans.<\/li><li>Provocar danys en els sistemes f\u00edsics i l\u00f2gics de l\u2019IRTA, dels seus prove\u00efdors o de terceres persones; introduir o difondre a la xarxa virus inform\u00e0tics o altres sistemes f\u00edsics o l\u00f2gics que siguin susceptibles de provocar danys anteriorment esmentats.<\/li><li>Intentar accedir i, en el seu cas, utilitzar els comptes de correu electr\u00f2nic d\u2019altres usuaris i modificar o manipular els seus missatges.<\/li><\/ul>\n\n\n\n<p>L\u2019usuari podr\u00e0 visualitzar els continguts d\u2019aquest portal, copiar-los, imprimir-los en el seu ordenador o qualsevol altra suport amb dest\u00ed exclusiu al seu us personal i privat.<\/p>\n\n\n\n<h5><strong>Pol\u00edtica de privacitat i dades personals<\/strong><\/h5>\n\n\n\n<p><strong>A) Dades recollides a trav\u00e9s de formulari<\/strong><\/p>\n\n\n\n<p>L\u2019IRTA, com a responsable del lloc web, de conformitat amb el que disposa el Reglament (UE) 2016\/679, de 27 d\u2019abril, relatiu a la protecci\u00f3 de les persones f\u00edsiques pel que fa al tractament de dades personals (en endavant, \u00abRGPD\u00bb), i la Llei 34\/2002, de 11 de juliol, de serveis de la societat de la informaci\u00f3 i del comer\u00e7 electr\u00f2nic (LSSICE), li informa que ha implantat les mesures de seguretat necess\u00e0ries, d\u2019\u00edndole t\u00e8cnica i organitzativa, per garantir i protegir la confidencialitat, la integritat i la disponibilitat de les dades introdu\u00efdes.<\/p>\n\n\n\n<p>Consulti la POL\u00cdTICA DE PRIVACITAT de la web&nbsp;<a href=\"http:\/\/www.irta.cat\/\">www.irta.cat<\/a>&nbsp;al seg\u00fcent enlla\u00e7:&nbsp;<a href=\"http:\/\/www.irta.cat\/ca\/politica-de-privacitat\/\" target=\"_blank\" rel=\"noreferrer noopener\">www.irta.cat\/ca\/politica-de-privacitat<\/a><\/p>\n\n\n\n<p><strong>B) Dades de navegaci\u00f3<\/strong><\/p>\n\n\n\n<p>El sistema de navegaci\u00f3 i el programari necessaris per al funcionament d\u2019aquest lloc web recullen, de manera est\u00e0ndard, algunes dades la transmissi\u00f3 de les quals \u00e9s impl\u00edcita en l\u2019\u00fas dels protocols de comunicaci\u00f3 d\u2019Internet. En aquesta categoria de dades hi ha l\u2019adre\u00e7a IP o nom de domini de l\u2019ordinador utilitzat per la persona usu\u00e0ria per connectar-se al lloc web, l\u2019adre\u00e7a URL del recurs demanat, l\u2019hora, el m\u00e8tode utilitzat per a la consulta al servidor, la mida de l\u2019arxiu obtingut en la resposta, el codi num\u00e8ric que indica l\u2019estat de la resposta al servidor, i altres par\u00e0metres relatius al sistema operatiu de l\u2019entorn inform\u00e0tic de la persona usu\u00e0ria.<\/p>\n\n\n\n<p>Aquesta informaci\u00f3 no s\u2019associa a persones usu\u00e0ries concretes i s\u2019utilitza amb la finalitat exclusiva d\u2019obtenir informaci\u00f3 estad\u00edstica sobre l\u2019\u00fas del lloc web&nbsp;<a href=\"http:\/\/www.irta.xn--cat-4la\/\">www.irta.cat<\/a>.<\/p>\n\n\n\n<h5><strong>Responsabilitat amb relaci\u00f3 als continguts<\/strong><\/h5>\n\n\n\n<p>L\u2019IRTA es reserva el dret de modificar els continguts del web i d\u2019eliminar-los, aix\u00ed com tamb\u00e9 de limitar o impedir l\u2019acc\u00e9s ja sigui temporalment o definitiva, sense notificaci\u00f3 pr\u00e8via.<\/p>\n\n\n\n<p>L\u2019IRTA no es fa responsable de l\u2019acc\u00e9s t\u00e8cnic, la informaci\u00f3 o dels continguts d\u2019altres p\u00e0gines web a les quals remet o amb les quals es pugui enlla\u00e7ar des del portal IRTA.cat.<\/p>\n\n\n\n<p>L\u2019IRTA no s\u2019identifica necess\u00e0riament amb les opinions expressades pels seus col\u00b7laboradors.<\/p>\n\n\n\n<h5><strong>Dret d\u2019exclusi\u00f3<\/strong><\/h5>\n\n\n\n<p>L\u2019IRTA es reserva el dret de denegar o retirar l\u2019acc\u00e9s als seus websites i\/o els serveis oferts sense necessitat d\u2019av\u00eds previ, a instancia pr\u00f2pia o d\u2019un tercer, a aquells usuaris que incompleixin les presents condicions generals.<\/p>\n\n\n\n<h5><strong>Xats i F\u00f2rums, enquestes i altres funcionalitats interactives<\/strong><\/h5>\n\n\n\n<p>El portal IRTA.cat pot disposar de seccions de car\u00e0cter p\u00fablic i participatiu (f\u00f2rum, Xat, enquestes, etc.), entenent com a tals aquells que son accessibles per tots els usuaris en general, per interactuar. En determinats casos s\u2019estableixen les condicions de participaci\u00f3 que hauran de ser pr\u00e8viament acceptades, aix\u00ed com el registre obligatori de l\u2019usuari en quin cas, a mes de les condicions de participaci\u00f3 s\u2019hauran d\u2019acceptar la cessi\u00f3 de dades personals als efectes de donar compliment a la pol\u00edtica i legislaci\u00f3 de protecci\u00f3 de dades personals..<\/p>\n\n\n\n<p>Amb relaci\u00f3 als continguts que l\u2019usuari decideixi enviar per la seva inclusi\u00f3 en aquest espais, s\u2019estableixen les seg\u00fcents condicions d\u2019us i acc\u00e9s:<\/p>\n\n\n\n<p>1.- Responsabilitats: L\u2019IRTA no es fa responsable pel contingut dels missatges, informacions, opinions que efectu\u00efn els usuaris i es reserva el dret d\u2019impedir l\u2019acc\u00e9s de continguts il\u00b7l\u00edcits o il\u00b7leg\u00edtims o que puguin perjudicar drets leg\u00edtims de qualsevol classe o de retirar o eliminar els que s\u2019hagin aportat, en especial en cas d\u2019incompliment d\u2019aquestes condicions.<\/p>\n\n\n\n<p>2.- Propietat Intel\u00b7lectual: L\u2019IRTA tindr\u00e0 dret a reproduir, modificar (mitjan\u00e7ant extractes, resums, ressenyes) , adaptar i publicar, incl\u00f2s comunicaci\u00f3 p\u00fablica, els continguts ja siguin textos, fotografies, gr\u00e0fics, etc. , amb l\u2019objecte de promoure la pr\u00f2pia secci\u00f3 a la que s\u2019ha trames, aix\u00ed com per utilitzar-los en les activitats i publicacions de l\u2019IRTA, en qualsevol format i suport. La llicencia es gratu\u00efta i s\u2019estableix pel temps fins el seu pas al domini p\u00fablic que permeti en cada moment la legislaci\u00f3 de Propietat Intel\u00b7lectual vigent. Els usuaris nomes enviaran continguts dels que siguin autors originals o disposin dels drets del seu titular, sense perjudici d\u2019informar de la URL del propietari o dret havent per enlla\u00e7ar als referits continguts.<\/p>\n\n\n\n<p>3.- L\u2019IRTA no retornar\u00e0 cap contingut dels tramesos ni adquireix cap obligaci\u00f3 de contestar als usuaris.<\/p>\n\n\n\n<p>4.- Les dades personals que constin a les funcionalitats interactives i els seus continguts no es poden utilitzar en benefici o usos que no hagin estat autoritzats expressament pel seu titular. L\u2019usuari respondr\u00e0 de la veracitat de les dades facilitades.<\/p>\n\n\n\n<p>5.- Els usuaris respectaran les opinions dels altres usuaris o participants, i s\u2019abstindran d\u2019utilitzar llenguatge ofensiu o difamatori, racista o violent o que atempti contra la legalitat vigent.<\/p>\n\n\n\n<p>6.- No es podran fer comunicacions comercials ni no autoritzades.<\/p>\n\n\n\n<p>7.- Cal advertir que les dades personals que facilitin els usuaris podran ser vistes per qualsevol altre usuari o participant. Si es tracta de dades de tercers cal disposar del seu consentiment expr\u00e9s.<\/p>\n\n\n\n<p>8.- En el cas d\u2019enquestes, l\u2019usuari hi podr\u00e0 participar de forma an\u00f2nima, i l\u2019IRTA no es fa responsable de l\u2019\u00fas que els usuaris puguin fer dels seus resultats.<\/p>\n\n\n\n<h5><strong>Subscripcions<\/strong><\/h5>\n\n\n\n<p>La subscripci\u00f3, gratu\u00efta o no, a productes o butlletins (newsletter) editats per l\u2019IRTA que es facin a traves d\u2019aquest portal IRTA.cat ser\u00e0 volunt\u00e0ria i suposar\u00e0 l\u2019acceptaci\u00f3 de les condicions que en cada cas s\u2019estableixin i que l\u2019usuari haur\u00e0 d\u2019acceptar expressament. Tamb\u00e9 implicar\u00e0, l\u2019acceptaci\u00f3 per a rebre informaci\u00f3 comercial de productes i serveis de l\u2019IRTA i d\u2019empreses vinculades o centres concertats. El fet de donar-se d\u2019alta en aquests serveis comporta l\u2019autoritzaci\u00f3 a l\u2019IRTA per a efectuar aquest tipus de comunicacions, podent l\u2019usuari revocar l\u2019autoritzaci\u00f3 amb una comunicaci\u00f3 per escrit en la forma que l\u2019IRTA li indicar\u00e0 en cada cas.<\/p>\n\n\n\n<h5><strong>Generalitats<\/strong><\/h5>\n\n\n\n<p>L\u2019IRTA perseguir\u00e0 l\u2019incompliment de les presents condicions aix\u00ed com qualsevol utilitzaci\u00f3 indeguda de les seves websites exercint totes les accions civils i penals que li puguin correspondre per dret.<\/p>\n\n\n\n<p>L\u2019IRTA no pot garantir que el portal i el servidor estiguin lliures de virus pel que no es fa responsable dels danys o perjudicis que es puguin causar per aquestes anomalies o qualsevol altra d\u2019indole t\u00e8cnica.<\/p>\n\n\n\n<h5><strong>Modificaci\u00f3 de les presents condicions i durada<\/strong><\/h5>\n\n\n\n<p>L\u2019IRTA podr\u00e0 modificar en qualsevol moment les condicions aqu\u00ed determinades, essent degudament publicades com aqu\u00ed apareixen. La vig\u00e8ncia de les citades condicions anir\u00e0 en funci\u00f3 de la seva exposici\u00f3 i estaran vigents fins que siguin modificades per altres degudament publicades.<\/p>\n\n\n\n<h5><strong>Legislaci\u00f3 aplicable i jurisdicci\u00f3<\/strong><\/h5>\n\n\n\n<p>La relaci\u00f3 entre L\u2019IRTA i els usuaris es regir\u00e0 per la normativa espanyola vigent i qualsevol controv\u00e8rsia se sotmetr\u00e0 als jutjats i tribunals de la ciutat de Barcelona.<\/p>\n\n\n\n<h5><strong>Reutilitzaci\u00f3 de continguts<\/strong><\/h5>\n\n\n\n<p>D\u2019acord amb l\u2019article 17.1 de la Llei 19\/2014, la \u00a9Generalitat de Catalunya permet la reutilitzaci\u00f3 dels continguts i de les dades sempre que se\u2019n citi la font i la data d\u2019actualitzaci\u00f3 i que no es desnaturalitzi la informaci\u00f3 (article 8 de la Llei 37\/2007) i tamb\u00e9 que no es contradigui amb una llic\u00e8ncia espec\u00edfica\u201d.<\/p>\n","protected":false},"excerpt":{"rendered":"<p>IRTA.cat&nbsp;(http:\/\/www.irta.cat) es un domini de l\u2019Institut de Recerca i tecnologia Agroaliment\u00e0ries (IRTA)...<\/p>\n","protected":false},"author":3,"featured_media":0,"parent":0,"menu_order":0,"comment_status":"closed","ping_status":"closed","template":"","meta":[],"yoast_head":"<!-- This site is optimized with the Yoast SEO plugin v18.6 - https:\/\/yoast.com\/wordpress\/plugins\/seo\/ -->\n<title>Av\u00eds legal &raquo; Innotub<\/title>\n<meta name=\"robots\" content=\"index, follow, max-snippet:-1, max-image-preview:large, max-video-preview:-1\" \/>\n<link rel=\"canonical\" href=\"https:\/\/innotub.eu\/ca\/avis-legal\/\" \/>\n<meta property=\"og:locale\" content=\"ca_ES\" \/>\n<meta property=\"og:type\" content=\"article\" \/>\n<meta property=\"og:title\" content=\"Av\u00eds legal &raquo; Innotub\" \/>\n<meta property=\"og:description\" content=\"IRTA.cat&nbsp;(http:\/\/www.irta.cat) es un domini de l\u2019Institut de Recerca i tecnologia Agroaliment\u00e0ries (IRTA)...\" \/>\n<meta property=\"og:url\" content=\"https:\/\/innotub.eu\/ca\/avis-legal\/\" \/>\n<meta property=\"og:site_name\" content=\"Innotub\" \/>\n<meta property=\"article:modified_time\" content=\"2020-09-14T10:41:41+00:00\" \/>\n<meta name=\"twitter:card\" content=\"summary_large_image\" \/>\n<meta name=\"twitter:site\" content=\"@innotub\" \/>\n<meta name=\"twitter:label1\" content=\"Temps estimat de lectura\" \/>\n\t<meta name=\"twitter:data1\" content=\"11 minuts\" \/>\n<script type=\"application\/ld+json\" class=\"yoast-schema-graph\">{\"@context\":\"https:\/\/schema.org\",\"@graph\":[{\"@type\":\"Organization\",\"@id\":\"https:\/\/innotub.eu\/#organization\",\"name\":\"Innotub\",\"url\":\"https:\/\/innotub.eu\/\",\"sameAs\":[\"https:\/\/twitter.com\/innotub\"],\"logo\":{\"@type\":\"ImageObject\",\"@id\":\"https:\/\/innotub.eu\/#logo\",\"inLanguage\":\"ca\",\"url\":\"https:\/\/innotub.eu\/wp-content\/uploads\/2020\/08\/innotub-logo-COLOR.png\",\"contentUrl\":\"https:\/\/innotub.eu\/wp-content\/uploads\/2020\/08\/innotub-logo-COLOR.png\",\"width\":7453,\"height\":1672,\"caption\":\"Innotub\"},\"image\":{\"@id\":\"https:\/\/innotub.eu\/#logo\"}},{\"@type\":\"WebSite\",\"@id\":\"https:\/\/innotub.eu\/#website\",\"url\":\"https:\/\/innotub.eu\/\",\"name\":\"Innotub\",\"description\":\"Crear una xarxa cient\u00edfica d&#039;excel\u00b7l\u00e8ncia\",\"publisher\":{\"@id\":\"https:\/\/innotub.eu\/#organization\"},\"potentialAction\":[{\"@type\":\"SearchAction\",\"target\":{\"@type\":\"EntryPoint\",\"urlTemplate\":\"https:\/\/innotub.eu\/?s={search_term_string}\"},\"query-input\":\"required name=search_term_string\"}],\"inLanguage\":\"ca\"},{\"@type\":\"WebPage\",\"@id\":\"https:\/\/innotub.eu\/ca\/avis-legal\/#webpage\",\"url\":\"https:\/\/innotub.eu\/ca\/avis-legal\/\",\"name\":\"Av\u00eds legal &raquo; Innotub\",\"isPartOf\":{\"@id\":\"https:\/\/innotub.eu\/#website\"},\"datePublished\":\"2020-09-01T16:14:04+00:00\",\"dateModified\":\"2020-09-14T10:41:41+00:00\",\"breadcrumb\":{\"@id\":\"https:\/\/innotub.eu\/ca\/avis-legal\/#breadcrumb\"},\"inLanguage\":\"ca\",\"potentialAction\":[{\"@type\":\"ReadAction\",\"target\":[\"https:\/\/innotub.eu\/ca\/avis-legal\/\"]}]},{\"@type\":\"BreadcrumbList\",\"@id\":\"https:\/\/innotub.eu\/ca\/avis-legal\/#breadcrumb\",\"itemListElement\":[{\"@type\":\"ListItem\",\"position\":1,\"name\":\"Inici\",\"item\":\"https:\/\/innotub.eu\/ca\/\"},{\"@type\":\"ListItem\",\"position\":2,\"name\":\"Av\u00eds legal\"}]}]}<\/script>\n<!-- \/ Yoast SEO plugin. -->","yoast_head_json":{"title":"Av\u00eds legal &raquo; Innotub","robots":{"index":"index","follow":"follow","max-snippet":"max-snippet:-1","max-image-preview":"max-image-preview:large","max-video-preview":"max-video-preview:-1"},"canonical":"https:\/\/innotub.eu\/ca\/avis-legal\/","og_locale":"ca_ES","og_type":"article","og_title":"Av\u00eds legal &raquo; Innotub","og_description":"IRTA.cat&nbsp;(http:\/\/www.irta.cat) es un domini de l\u2019Institut de Recerca i tecnologia Agroaliment\u00e0ries (IRTA)...","og_url":"https:\/\/innotub.eu\/ca\/avis-legal\/","og_site_name":"Innotub","article_modified_time":"2020-09-14T10:41:41+00:00","twitter_card":"summary_large_image","twitter_site":"@innotub","twitter_misc":{"Temps estimat de lectura":"11 minuts"},"schema":{"@context":"https:\/\/schema.org","@graph":[{"@type":"Organization","@id":"https:\/\/innotub.eu\/#organization","name":"Innotub","url":"https:\/\/innotub.eu\/","sameAs":["https:\/\/twitter.com\/innotub"],"logo":{"@type":"ImageObject","@id":"https:\/\/innotub.eu\/#logo","inLanguage":"ca","url":"https:\/\/innotub.eu\/wp-content\/uploads\/2020\/08\/innotub-logo-COLOR.png","contentUrl":"https:\/\/innotub.eu\/wp-content\/uploads\/2020\/08\/innotub-logo-COLOR.png","width":7453,"height":1672,"caption":"Innotub"},"image":{"@id":"https:\/\/innotub.eu\/#logo"}},{"@type":"WebSite","@id":"https:\/\/innotub.eu\/#website","url":"https:\/\/innotub.eu\/","name":"Innotub","description":"Crear una xarxa cient\u00edfica d&#039;excel\u00b7l\u00e8ncia","publisher":{"@id":"https:\/\/innotub.eu\/#organization"},"potentialAction":[{"@type":"SearchAction","target":{"@type":"EntryPoint","urlTemplate":"https:\/\/innotub.eu\/?s={search_term_string}"},"query-input":"required name=search_term_string"}],"inLanguage":"ca"},{"@type":"WebPage","@id":"https:\/\/innotub.eu\/ca\/avis-legal\/#webpage","url":"https:\/\/innotub.eu\/ca\/avis-legal\/","name":"Av\u00eds legal &raquo; Innotub","isPartOf":{"@id":"https:\/\/innotub.eu\/#website"},"datePublished":"2020-09-01T16:14:04+00:00","dateModified":"2020-09-14T10:41:41+00:00","breadcrumb":{"@id":"https:\/\/innotub.eu\/ca\/avis-legal\/#breadcrumb"},"inLanguage":"ca","potentialAction":[{"@type":"ReadAction","target":["https:\/\/innotub.eu\/ca\/avis-legal\/"]}]},{"@type":"BreadcrumbList","@id":"https:\/\/innotub.eu\/ca\/avis-legal\/#breadcrumb","itemListElement":[{"@type":"ListItem","position":1,"name":"Inici","item":"https:\/\/innotub.eu\/ca\/"},{"@type":"ListItem","position":2,"name":"Av\u00eds legal"}]}]}},"_links":{"self":[{"href":"https:\/\/innotub.eu\/ca\/wp-json\/wp\/v2\/pages\/157"}],"collection":[{"href":"https:\/\/innotub.eu\/ca\/wp-json\/wp\/v2\/pages"}],"about":[{"href":"https:\/\/innotub.eu\/ca\/wp-json\/wp\/v2\/types\/page"}],"author":[{"embeddable":true,"href":"https:\/\/innotub.eu\/ca\/wp-json\/wp\/v2\/users\/3"}],"replies":[{"embeddable":true,"href":"https:\/\/innotub.eu\/ca\/wp-json\/wp\/v2\/comments?post=157"}],"version-history":[{"count":4,"href":"https:\/\/innotub.eu\/ca\/wp-json\/wp\/v2\/pages\/157\/revisions"}],"predecessor-version":[{"id":237,"href":"https:\/\/innotub.eu\/ca\/wp-json\/wp\/v2\/pages\/157\/revisions\/237"}],"wp:attachment":[{"href":"https:\/\/innotub.eu\/ca\/wp-json\/wp\/v2\/media?parent=157"}],"curies":[{"name":"wp","href":"https:\/\/api.w.org\/{rel}","templated":true}]}}