{"id":161,"date":"2020-09-01T16:14:39","date_gmt":"2020-09-01T16:14:39","guid":{"rendered":"http:\/\/innotub.volcanicvalley.com\/?page_id=161"},"modified":"2020-10-06T07:52:56","modified_gmt":"2020-10-06T07:52:56","slug":"politica-de-cookies","status":"publish","type":"page","link":"https:\/\/innotub.eu\/ca\/politica-de-cookies\/","title":{"rendered":"Pol\u00edtica de cookies"},"content":{"rendered":"\n<p>Les cookies s\u00f3n petits arxius de text que els llocs web poden utilitzar perqu\u00e8 l\u2019usuari en pugui fer un \u00fas m\u00e9s eficient.<\/p>\n\n\n\n<p>La llei estableix que podem emmagatzemar cookies al vostre dispositiu si s\u00f3n estrictament necess\u00e0ries per al funcionament d\u2019aquest lloc. Per a tots els altres tipus de cookies ens cal el vostre perm\u00eds.<\/p>\n\n\n\n<p>Aquest lloc web utilitza diferents tipus de cookies. En alguna ocasi\u00f3, les cookies que apareixen a les nostres p\u00e0gines provenen de serveis de tercers.<\/p>\n\n\n\n<p>En qualsevol moment, vost\u00e8 podr\u00e0 canviar o retirar el seu consentiment de la Declaraci\u00f3 sobre \u00fas de cookies al nostre lloc web.<\/p>\n\n\n\n<p>Pot obtenir m\u00e9s informaci\u00f3 sobre nosaltres, sobre c\u00f3m contactar-nos i sobre la nostra forma de processar dates personals a la nostra&nbsp;<a href=\"http:\/\/www.irta.cat\/ca\/politica-de-privacitat\/\" target=\"_blank\" rel=\"noreferrer noopener\">Pol\u00edtica de privacitat<\/a>.<\/p>\n\n\n\n<h2>Quin tipus de galetes s\u2019utilitzen a l\u2019IRTA?<\/h2>\n\n\n\n<p>Segons l\u2019entitat que les gestiona:<\/p>\n\n\n\n<p>Pr\u00f2pies. S\u00f3n galetes que s\u2019envien des d\u2019un equip o domini gestionat per l\u2019IRTA al terminal de l\u2019usuari.<\/p>\n\n\n\n<p>De tercers. S\u00f3n galetes que s\u2019envien al terminal de l\u2019usuari des d\u2019un equip o domini no gestionat ni controlat per l\u2019IRTA. En aquest cas s\u2019inclouen tamb\u00e9 les galetes instal\u00b7lades per l\u2019IRTA que recopilen informaci\u00f3 gestionada per tercers. Les galetes de tercers poden utilitzar-se per al mesurament i l\u2019an\u00e0lisi del comportament dels usuaris amb l\u2019objectiu de millorar la seva experi\u00e8ncia al web de l\u2019IRTA.<\/p>\n\n\n\n<p>Segons el termini de temps que romandr\u00e0 encesa:<\/p>\n\n\n\n<p>De sessi\u00f3. Recullen dades mentre l\u2019usuari navega per la web de l\u2019IRTA amb la finalitat de prestar el servei sol\u00b7licitat. Caduquen o s\u2019esborren quan es tanca el navegador.<\/p>\n\n\n\n<p>Persistents. Es guarden en el terminal de l\u2019usuari. Caduquen en un per\u00edode llarg o mitj\u00e0 de temps o no ho fan mai.<\/p>\n\n\n\n<p>Segons la finalitat:<\/p>\n\n\n\n<p>T\u00e8cniques. S\u00f3n les necess\u00e0ries per a la correcta navegaci\u00f3 per la p\u00e0gina web.<\/p>\n\n\n\n<p>De personalitzaci\u00f3. Permeten a l\u2019usuari definir les caracter\u00edstiques (idioma) per a la navegaci\u00f3 per la p\u00e0gina web.<\/p>\n\n\n\n<p>D\u2019an\u00e0lisi. Permeten a l\u2019IRTA l\u2019an\u00e0lisi vinculat a la navegaci\u00f3 realitzada per l\u2019usuari per tal de dur a terme un seguiment de l\u2019\u00fas de la p\u00e0gina web, aix\u00ed com fer estad\u00edstiques dels continguts m\u00e9s visitats, del nombre de visitants, etc.<\/p>\n\n\n\n<p>Publicit\u00e0ries.<\/p>\n\n\n\n<h2>Quines s\u00f3n les finalitats de les galetes utilitzades a l\u2019IRTA?<\/h2>\n\n\n\n<p>Les finalitats de les galetes utilitzades a l\u2019IRTA s\u00f3n:<\/p>\n\n\n\n<p>T\u00e8cniques. L\u2019objectiu d\u2019aquest tipus de galetes \u00e9s fer possible que la navegaci\u00f3 per la p\u00e0gina sigui satisfact\u00f2ria. Aquest tipus de galetes permet que el sistema reconegui als usuaris registrats i els recordi el nom d\u2019usuari i la contrasenya, entre altres funcions.<\/p>\n\n\n\n<p>De personalitzaci\u00f3. Aquestes galetes permeten que l\u2019usuari accedeixi al web de l\u2019IRTA amb algunes caracter\u00edstiques de car\u00e0cter general predefinides, com ara l\u2019idioma, el navegador o la localitzaci\u00f3 geogr\u00e0fica des d\u2019on s\u2019accedeix al servei. Aquesta informaci\u00f3 dels usuaris permet a l\u2019IRTA poder oferir un millor servei i m\u00e9s personalitzat.<\/p>\n\n\n\n<p>Anal\u00edtiques. Les dades an\u00f2nims continguts en aquestes galetes permeten el mesurament, el seguiment i l\u2019estudi de l\u2019activitat dels usuaris per tal d\u2019incorporar millores en els llocs web, aplicacions i plataformes de l\u2019IRTA.<\/p>\n\n\n\n<p>Publicit\u00e0ries. Aquestes galetes fan possible la gesti\u00f3 dels espais publicitaris basant-se en criteris com l\u2019edici\u00f3 de continguts o els h\u00e0bits de navegaci\u00f3 dels usuaris.<\/p>\n","protected":false},"excerpt":{"rendered":"<p>Les cookies s\u00f3n petits arxius de text que els llocs web poden...<\/p>\n","protected":false},"author":3,"featured_media":0,"parent":0,"menu_order":0,"comment_status":"closed","ping_status":"closed","template":"","meta":[],"yoast_head":"<!-- This site is optimized with the Yoast SEO plugin v18.6 - https:\/\/yoast.com\/wordpress\/plugins\/seo\/ -->\n<title>Pol\u00edtica de cookies &raquo; Innotub<\/title>\n<meta name=\"robots\" content=\"index, follow, max-snippet:-1, max-image-preview:large, max-video-preview:-1\" \/>\n<link rel=\"canonical\" href=\"https:\/\/innotub.eu\/ca\/politica-de-cookies\/\" \/>\n<meta property=\"og:locale\" content=\"ca_ES\" \/>\n<meta property=\"og:type\" content=\"article\" \/>\n<meta property=\"og:title\" content=\"Pol\u00edtica de cookies &raquo; Innotub\" \/>\n<meta property=\"og:description\" content=\"Les cookies s\u00f3n petits arxius de text que els llocs web poden...\" \/>\n<meta property=\"og:url\" content=\"https:\/\/innotub.eu\/ca\/politica-de-cookies\/\" \/>\n<meta property=\"og:site_name\" content=\"Innotub\" \/>\n<meta property=\"article:modified_time\" content=\"2020-10-06T07:52:56+00:00\" \/>\n<meta name=\"twitter:card\" content=\"summary_large_image\" \/>\n<meta name=\"twitter:site\" content=\"@innotub\" \/>\n<meta name=\"twitter:label1\" content=\"Temps estimat de lectura\" \/>\n\t<meta name=\"twitter:data1\" content=\"3 minuts\" \/>\n<script type=\"application\/ld+json\" class=\"yoast-schema-graph\">{\"@context\":\"https:\/\/schema.org\",\"@graph\":[{\"@type\":\"Organization\",\"@id\":\"https:\/\/innotub.eu\/#organization\",\"name\":\"Innotub\",\"url\":\"https:\/\/innotub.eu\/\",\"sameAs\":[\"https:\/\/twitter.com\/innotub\"],\"logo\":{\"@type\":\"ImageObject\",\"@id\":\"https:\/\/innotub.eu\/#logo\",\"inLanguage\":\"ca\",\"url\":\"https:\/\/innotub.eu\/wp-content\/uploads\/2020\/08\/innotub-logo-COLOR.png\",\"contentUrl\":\"https:\/\/innotub.eu\/wp-content\/uploads\/2020\/08\/innotub-logo-COLOR.png\",\"width\":7453,\"height\":1672,\"caption\":\"Innotub\"},\"image\":{\"@id\":\"https:\/\/innotub.eu\/#logo\"}},{\"@type\":\"WebSite\",\"@id\":\"https:\/\/innotub.eu\/#website\",\"url\":\"https:\/\/innotub.eu\/\",\"name\":\"Innotub\",\"description\":\"Crear una xarxa cient\u00edfica d&#039;excel\u00b7l\u00e8ncia\",\"publisher\":{\"@id\":\"https:\/\/innotub.eu\/#organization\"},\"potentialAction\":[{\"@type\":\"SearchAction\",\"target\":{\"@type\":\"EntryPoint\",\"urlTemplate\":\"https:\/\/innotub.eu\/?s={search_term_string}\"},\"query-input\":\"required name=search_term_string\"}],\"inLanguage\":\"ca\"},{\"@type\":\"WebPage\",\"@id\":\"https:\/\/innotub.eu\/ca\/politica-de-cookies\/#webpage\",\"url\":\"https:\/\/innotub.eu\/ca\/politica-de-cookies\/\",\"name\":\"Pol\u00edtica de cookies &raquo; Innotub\",\"isPartOf\":{\"@id\":\"https:\/\/innotub.eu\/#website\"},\"datePublished\":\"2020-09-01T16:14:39+00:00\",\"dateModified\":\"2020-10-06T07:52:56+00:00\",\"breadcrumb\":{\"@id\":\"https:\/\/innotub.eu\/ca\/politica-de-cookies\/#breadcrumb\"},\"inLanguage\":\"ca\",\"potentialAction\":[{\"@type\":\"ReadAction\",\"target\":[\"https:\/\/innotub.eu\/ca\/politica-de-cookies\/\"]}]},{\"@type\":\"BreadcrumbList\",\"@id\":\"https:\/\/innotub.eu\/ca\/politica-de-cookies\/#breadcrumb\",\"itemListElement\":[{\"@type\":\"ListItem\",\"position\":1,\"name\":\"Inici\",\"item\":\"https:\/\/innotub.eu\/ca\/\"},{\"@type\":\"ListItem\",\"position\":2,\"name\":\"Pol\u00edtica de cookies\"}]}]}<\/script>\n<!-- \/ Yoast SEO plugin. -->","yoast_head_json":{"title":"Pol\u00edtica de cookies &raquo; Innotub","robots":{"index":"index","follow":"follow","max-snippet":"max-snippet:-1","max-image-preview":"max-image-preview:large","max-video-preview":"max-video-preview:-1"},"canonical":"https:\/\/innotub.eu\/ca\/politica-de-cookies\/","og_locale":"ca_ES","og_type":"article","og_title":"Pol\u00edtica de cookies &raquo; Innotub","og_description":"Les cookies s\u00f3n petits arxius de text que els llocs web poden...","og_url":"https:\/\/innotub.eu\/ca\/politica-de-cookies\/","og_site_name":"Innotub","article_modified_time":"2020-10-06T07:52:56+00:00","twitter_card":"summary_large_image","twitter_site":"@innotub","twitter_misc":{"Temps estimat de lectura":"3 minuts"},"schema":{"@context":"https:\/\/schema.org","@graph":[{"@type":"Organization","@id":"https:\/\/innotub.eu\/#organization","name":"Innotub","url":"https:\/\/innotub.eu\/","sameAs":["https:\/\/twitter.com\/innotub"],"logo":{"@type":"ImageObject","@id":"https:\/\/innotub.eu\/#logo","inLanguage":"ca","url":"https:\/\/innotub.eu\/wp-content\/uploads\/2020\/08\/innotub-logo-COLOR.png","contentUrl":"https:\/\/innotub.eu\/wp-content\/uploads\/2020\/08\/innotub-logo-COLOR.png","width":7453,"height":1672,"caption":"Innotub"},"image":{"@id":"https:\/\/innotub.eu\/#logo"}},{"@type":"WebSite","@id":"https:\/\/innotub.eu\/#website","url":"https:\/\/innotub.eu\/","name":"Innotub","description":"Crear una xarxa cient\u00edfica d&#039;excel\u00b7l\u00e8ncia","publisher":{"@id":"https:\/\/innotub.eu\/#organization"},"potentialAction":[{"@type":"SearchAction","target":{"@type":"EntryPoint","urlTemplate":"https:\/\/innotub.eu\/?s={search_term_string}"},"query-input":"required name=search_term_string"}],"inLanguage":"ca"},{"@type":"WebPage","@id":"https:\/\/innotub.eu\/ca\/politica-de-cookies\/#webpage","url":"https:\/\/innotub.eu\/ca\/politica-de-cookies\/","name":"Pol\u00edtica de cookies &raquo; Innotub","isPartOf":{"@id":"https:\/\/innotub.eu\/#website"},"datePublished":"2020-09-01T16:14:39+00:00","dateModified":"2020-10-06T07:52:56+00:00","breadcrumb":{"@id":"https:\/\/innotub.eu\/ca\/politica-de-cookies\/#breadcrumb"},"inLanguage":"ca","potentialAction":[{"@type":"ReadAction","target":["https:\/\/innotub.eu\/ca\/politica-de-cookies\/"]}]},{"@type":"BreadcrumbList","@id":"https:\/\/innotub.eu\/ca\/politica-de-cookies\/#breadcrumb","itemListElement":[{"@type":"ListItem","position":1,"name":"Inici","item":"https:\/\/innotub.eu\/ca\/"},{"@type":"ListItem","position":2,"name":"Pol\u00edtica de cookies"}]}]}},"_links":{"self":[{"href":"https:\/\/innotub.eu\/ca\/wp-json\/wp\/v2\/pages\/161"}],"collection":[{"href":"https:\/\/innotub.eu\/ca\/wp-json\/wp\/v2\/pages"}],"about":[{"href":"https:\/\/innotub.eu\/ca\/wp-json\/wp\/v2\/types\/page"}],"author":[{"embeddable":true,"href":"https:\/\/innotub.eu\/ca\/wp-json\/wp\/v2\/users\/3"}],"replies":[{"embeddable":true,"href":"https:\/\/innotub.eu\/ca\/wp-json\/wp\/v2\/comments?post=161"}],"version-history":[{"count":6,"href":"https:\/\/innotub.eu\/ca\/wp-json\/wp\/v2\/pages\/161\/revisions"}],"predecessor-version":[{"id":764,"href":"https:\/\/innotub.eu\/ca\/wp-json\/wp\/v2\/pages\/161\/revisions\/764"}],"wp:attachment":[{"href":"https:\/\/innotub.eu\/ca\/wp-json\/wp\/v2\/media?parent=161"}],"curies":[{"name":"wp","href":"https:\/\/api.w.org\/{rel}","templated":true}]}}