{"id":762,"date":"2020-10-06T07:29:04","date_gmt":"2020-10-06T07:29:04","guid":{"rendered":"http:\/\/innotub.volcanicvalley.com\/politica-de-privacidad-www-irta-cat\/"},"modified":"2020-10-06T09:57:26","modified_gmt":"2020-10-06T09:57:26","slug":"politica-de-privacidad-www-irta-cat","status":"publish","type":"page","link":"https:\/\/innotub.eu\/eu\/politica-de-privacidad-www-irta-cat\/","title":{"rendered":"Pol\u00edtica de privacidad"},"content":{"rendered":"\n<ol><li>Responsable del tratamiento<\/li><li>Finalidad del tratamiento<\/li><li>Duraci\u00f3n<\/li><li>Legitimaci\u00f3n del tratamiento<\/li><li>Lugar donde se guarda la informaci\u00f3n<\/li><li>Cesi\u00f3n y transferencia<\/li><li>Derechos de las personas interesadas<\/li><li>Derechos<\/li><li>Seguridad<\/li><li>Galletas (cookies)<\/li><li>Cambios en la presente pol\u00edtica de privacidad<\/li><\/ol>\n\n\n\n<h3><strong>1. Responsable del tratamiento<\/strong><\/h3>\n\n\n\n<p>Responsable del tratamiento: Institut de Recerca i Tecnologies Agroaliment\u00e0ries (en adelante IRTA)\r\n\r\n<\/p>\n\n\n\n<p>Datos de contacto de IRTA: Torre Marimon, Ctra. C-59, km. 12,1 Caldes de Montbui (08140), Barcelona, NIF Q-5855049-B, tel\u00e9fono: 93 467 40 40.\r\n\r\n<\/p>\n\n\n\n<p><p>Contacto del delegado de protecci\u00f3n de datos:\u00a0<a href=\"mailto:dpo@irta.cat\">dpo@irta.cat<\/a><\/p><\/p>\n\n\n\n<p>Base para el tratamiento:<\/p>\n\n\n\n<ul><li>Consentimiento del titular de los datos para gestionar la transmisi\u00f3n de informaci\u00f3n de los actos, cursos y actividades que organiza el IRTA as\u00ed como gestionar la bolsa de trabajo.\r\n<\/li><li>Necesidad de ejecutar un contrato para la gesti\u00f3n de inscripciones a sesiones, jornadas o actividades de formaci\u00f3n y el env\u00edo del newsletter y otros boletines o publicaciones del IRTA.\r\n<\/li><\/ul>\n\n\n\n<p>El IRTA, como responsable del lugar web, de conformidad con lo que dispone el Reglamento (UE) 2016\/679, de 27 de abril, relativo a la protecci\u00f3n de las personas f\u00edsicas en lo que respecta al tratamiento de los datos personales (en adelante, \u00abRGPD\u00bb), y la Ley 34\/2002, de 11 de julio, de servicios de la sociedad de la informaci\u00f3n y del comercio electr\u00f3nico (LSSICE), le informa que ha implantado las medidas de seguridad necesarias, de \u00edndole t\u00e9cnica y organizativa, para garantizar y proteger la confidencialidad, la integridad y la disponibilidad de los datos introducidos.\r\n\r\n<\/p>\n\n\n\n<p><strong>2.&nbsp;<\/strong><strong>Finalidad del tratamiento<\/strong><\/p>\n\n\n\n<p>Sus datos personales solamente se utilizar\u00e1n para las siguientes finalidades, en funci\u00f3n de las funcionalidades del lugar web con las que usted haya interactuado y facilitado sus datos personales:\r\n\r\n<\/p>\n\n\n\n<ol><li>Gestionar el env\u00edo de informaci\u00f3n del newsletter, otros boletines o publicaciones, actos, actividades e informaciones del IRTA, por medios electr\u00f3nicos o correo convencional a los que est\u00e9 subscrito.\r\n<\/li><li>Gestionar el env\u00edo de informaci\u00f3n y las inscripciones a sesiones, jornadas o actividades de formaci\u00f3n.\r\n<\/li><\/ol>\n\n\n\n<p>No trataremos sus datos personales con otra finalidad que las aqu\u00ed descritas excepto por obligaci\u00f3n legal o requerimiento judicial.\r\n\r\n<\/p>\n\n\n\n<h3><strong>3. Duraci\u00f3n<\/strong><\/h3>\n\n\n\n<p>Los datos correspondientes al apartado a) anterior se conservar\u00e1n mientras el titular no manifieste su voluntad de cancelarlas.\r\n\r\n<\/p>\n\n\n\n<p>Los datos correspondientes al apartado b) anterior se conservar\u00e1n durante el tiempo necesario a los efectos de realizaci\u00f3n de la actividad.\r\n\r\n<\/p>\n\n\n\n<h3><strong>4. Legitimaci\u00f3n del tratamiento<\/strong><\/h3>\n\n\n\n<p>La base legal para el tratamiento es el consentimiento del interesado y, si procede, la derivada de la prestaci\u00f3n de un servicio.\r\n\r\n<\/p>\n\n\n\n<h3><strong>5. Lugar donde se guarda la informaci\u00f3n<\/strong><\/h3>\n\n\n\n<p>La informaci\u00f3n proporcionada se guarda en los servidores del IRTA o de proveedores y empresas encargadas del tratamiento de datos que tengan los servidores en el territorio de la Uni\u00f3n Europea o est\u00e9n amparados por el <em>Privacy Shield<\/em>.\r\n\r\n<\/p>\n\n\n\n<h3><strong>6. Cesi\u00f3n y transferencia<\/strong><\/h3>\n\n\n\n<p>Los datos facilitados se pueden ceder a organismos y empresas del sector p\u00fablico de la Generalitat y empresas encargadas del tratamiento de datos (como proveedores de servicios: servicios de env\u00edo de comunicaciones, servicios de mensajer\u00eda, agencias, servicios de generaci\u00f3n de audiencias similares, etc.), incluso a empresas de la UE.\r\n\r\n<\/p>\n\n\n\n<p>Tambi\u00e9n pueden producirse transferencias internacionales fuera de la UE de acuerdo con el r\u00e9gimen de autorizaci\u00f3n y notificaci\u00f3n previa que establece la normativa vigente:\r\n\r\n<\/p>\n\n\n\n<ul><li>a pa\u00edses o empresas que tienen el reconocimiento de la Comisi\u00f3n Europea de proporcionar un nivel adecuado de protecci\u00f3n; o\r\n<\/li><li>a pa\u00edses que no ofrecen una protecci\u00f3n adecuada, pero las transferencias se rigen por las cl\u00e1usulas contractuales normalizadas de la Comisi\u00f3n Europea.\r\n<\/li><\/ul>\n\n\n\n<h3><strong>7. Derechos de las personas interesadas<\/strong><\/h3>\n\n\n\n<p><p>Puede solicitar el ejercicio de los siguientes derechos ante el IRTA presentando un escrito a la direcci\u00f3n postal de la cabecera o enviando un correo electr\u00f3nico a\u00a0<a href=\"mailto:dpo@irta.cat\" target=\"_blank\" rel=\"noopener noreferrer\">dpo@irta.cat<\/a>\u00a0y adjuntando una fotocopia del DNI o cualquier otro documento an\u00e1logo en derecho, como indica la ley.<\/p><\/p>\n\n\n\n<h3><strong>8. Derechos<\/strong><\/h3>\n\n\n\n<p>Derecho de acceso: permite al interesado conocer y obtener informaci\u00f3n sobre sus datos de car\u00e1cter personal sometidos a tratamiento.\r\n\r\n<\/p>\n\n\n\n<p>Derecho de rectificaci\u00f3n o supresi\u00f3n: permite corregir errores y modificar los datos que sean inexactos o incompletos.\r\n\r\n<\/p>\n\n\n\n<p>Derecho de cancelaci\u00f3n: permite que se supriman los datos que resulten inadecuados o excesivos.\r\n\r\n<\/p>\n\n\n\n<p>Derecho de oposici\u00f3n: derecho del interesado a que no se realice el tratamiento de sus datos de car\u00e1cter personal o se cese en su tratamiento.\r\n\r\n<\/p>\n\n\n\n<p>Limitaci\u00f3n del tratamiento: conlleva el marcaje de los datos personales conservados, con la finalidad de limitar su futuro tratamiento.\r\n\r\n<\/p>\n\n\n\n<p>Portabilidad de los datos: facilitaci\u00f3n de los datos objeto de tratamiento al interesado, para que los pueda transmitir a otro responsable sin impedimentos.\r\n\r\n<\/p>\n\n\n\n<p>Derecho a no ser objeto de decisiones individuales automatizadas respecto a las que el interesado no haya expresado su consentimiento (incluida la elaboraci\u00f3n de perfiles).\r\n\r\n<\/p>\n\n\n\n<p>Derecho a no ser objeto de una decisi\u00f3n basada en el tratamiento automatizado que produzca efectos o afecte significativamente.\r\n\r\n<\/p>\n\n\n\n<p>Derecho a retirar el consentimiento dado en cualquier momento.<\/p>\n\n\n\n<p>El interesado tambi\u00e9n tiene derecho a presentar una reclamaci\u00f3n ante la autoridad de control si considera que pueden haberse vulnerado sus derechos respecto a la protecci\u00f3n de sus datos.\r\n\r\n<\/p>\n\n\n\n<h3><strong>9. Seguridad<\/strong><\/h3>\n\n\n\n<p>El IRTA, en respuesta a la confianza depositada y teniendo en cuenta la importancia en materia de protecci\u00f3n y confidencialidad que requieren los datos personales del usuario, le informa que ha adoptado todas las medidas t\u00e9cnicas y organizativas necesarias para salvaguardar su seguridad, tal como exige \u200b\u200bla normativa vigente que regula el reglamento de medios de seguridad de los ficheros que contienen datos de car\u00e1cter personal.\r\n\r\n<\/p>\n\n\n\n<h3><strong>10. Galletas (cookies)<\/strong><\/h3>\n\n\n\n<p>Las galletas o cookies son archivos de texto que se descargan en el equipo terminal del usuario (ordenador, tableta, tel\u00e9fono m\u00f3vil, etc.), se guardan en la memoria de su navegador y que guardan informaci\u00f3n sobre los h\u00e1bitos, las preferencias y los comportamientos de los internautas que visitan una p\u00e1gina web.\r\n\r\n<\/p>\n\n\n\n<p>Los datos contenidos en las galletas pueden ser analizados por el IRTA para mejorar la usabilidad de las webs y ofrecer una informaci\u00f3n y unos servicios m\u00e1s personalizados.\r\n\r\n<\/p>\n\n\n\n<p>Los datos de navegaci\u00f3n recuperados por las galletas son an\u00f3nimos y no est\u00e1n asociados a ninguna persona. La informaci\u00f3n personal se debe de facilitar al IRTA de manera expl\u00edcita por el usuario.\r\n\r\n<\/p>\n\n\n\n<p><p>El usuario podr\u00e1 borrar o desactivar las galletas desde la configuraci\u00f3n de los navegadores. En este caso, la p\u00e1gina web continuar\u00e1 operativa, pero sin las ventajas de la personalizaci\u00f3n. Para m\u00e1s detalles sobre el uso, la gesti\u00f3n y la configuraci\u00f3n de las galletas de los navegadores, se recomienda consultar el web\u00a0<a href=\"http:\/\/www.aboutcookies.org\/\">http:\/\/www.aboutcookies.org<\/a>.<\/p><\/p>\n\n\n\n<p><p>Puedes saber m\u00e1s sobre las diferentes galletas que utilizamos, sus funciones y caracter\u00edsticas, en nuestra pol\u00edtica de cookies:\u00a0<a href=\"http:\/\/www.irta.cat\/ca\/politica-de-cookies\">www.irta.cat\/ca\/politica-de-cookies<\/a>.<\/p><\/p>\n\n\n\n<h3><strong>11. Cambios en la presente pol\u00edtica de privacidad<\/strong><\/h3>\n\n\n\n<p>El IRTA se reserva el derecho a modificar la presente pol\u00edtica para adaptarla a novedades legislativas o jurisprudenciales.\r\n\r\n<\/p>\n","protected":false},"excerpt":{"rendered":"<p>Responsable del tratamiento Finalidad del tratamiento Duraci\u00f3n Legitimaci\u00f3n del tratamiento Lugar donde...<\/p>\n","protected":false},"author":3,"featured_media":0,"parent":0,"menu_order":0,"comment_status":"closed","ping_status":"closed","template":"","meta":[],"yoast_head":"<!-- This site is optimized with the Yoast SEO plugin v18.6 - https:\/\/yoast.com\/wordpress\/plugins\/seo\/ -->\n<title>Pol\u00edtica de privacidad &raquo; Innotub<\/title>\n<meta name=\"robots\" content=\"index, follow, max-snippet:-1, max-image-preview:large, max-video-preview:-1\" \/>\n<link rel=\"canonical\" href=\"https:\/\/innotub.eu\/eu\/politica-de-privacidad-www-irta-cat\/\" \/>\n<meta property=\"og:locale\" content=\"eu_ES\" \/>\n<meta property=\"og:type\" content=\"article\" \/>\n<meta property=\"og:title\" content=\"Pol\u00edtica de privacidad &raquo; Innotub\" \/>\n<meta property=\"og:description\" content=\"Responsable del tratamiento Finalidad del tratamiento Duraci\u00f3n Legitimaci\u00f3n del tratamiento Lugar donde...\" \/>\n<meta property=\"og:url\" content=\"https:\/\/innotub.eu\/eu\/politica-de-privacidad-www-irta-cat\/\" \/>\n<meta property=\"og:site_name\" content=\"Innotub\" \/>\n<meta property=\"article:modified_time\" content=\"2020-10-06T09:57:26+00:00\" \/>\n<meta name=\"twitter:card\" content=\"summary_large_image\" \/>\n<meta name=\"twitter:site\" content=\"@innotub\" \/>\n<meta name=\"twitter:label1\" content=\"Est. reading time\" \/>\n\t<meta name=\"twitter:data1\" content=\"6 minutes\" \/>\n<script type=\"application\/ld+json\" class=\"yoast-schema-graph\">{\"@context\":\"https:\/\/schema.org\",\"@graph\":[{\"@type\":\"Organization\",\"@id\":\"https:\/\/innotub.eu\/#organization\",\"name\":\"Innotub\",\"url\":\"https:\/\/innotub.eu\/\",\"sameAs\":[\"https:\/\/twitter.com\/innotub\"],\"logo\":{\"@type\":\"ImageObject\",\"@id\":\"https:\/\/innotub.eu\/#logo\",\"inLanguage\":\"eu-ES\",\"url\":\"https:\/\/innotub.eu\/wp-content\/uploads\/2020\/08\/innotub-logo-COLOR.png\",\"contentUrl\":\"https:\/\/innotub.eu\/wp-content\/uploads\/2020\/08\/innotub-logo-COLOR.png\",\"width\":7453,\"height\":1672,\"caption\":\"Innotub\"},\"image\":{\"@id\":\"https:\/\/innotub.eu\/#logo\"}},{\"@type\":\"WebSite\",\"@id\":\"https:\/\/innotub.eu\/#website\",\"url\":\"https:\/\/innotub.eu\/\",\"name\":\"Innotub\",\"description\":\"Crear una xarxa cient\u00edfica d&#039;excel\u00b7l\u00e8ncia\",\"publisher\":{\"@id\":\"https:\/\/innotub.eu\/#organization\"},\"potentialAction\":[{\"@type\":\"SearchAction\",\"target\":{\"@type\":\"EntryPoint\",\"urlTemplate\":\"https:\/\/innotub.eu\/?s={search_term_string}\"},\"query-input\":\"required name=search_term_string\"}],\"inLanguage\":\"eu-ES\"},{\"@type\":\"WebPage\",\"@id\":\"https:\/\/innotub.eu\/eu\/politica-de-privacidad-www-irta-cat\/#webpage\",\"url\":\"https:\/\/innotub.eu\/eu\/politica-de-privacidad-www-irta-cat\/\",\"name\":\"Pol\u00edtica de privacidad &raquo; Innotub\",\"isPartOf\":{\"@id\":\"https:\/\/innotub.eu\/#website\"},\"datePublished\":\"2020-10-06T07:29:04+00:00\",\"dateModified\":\"2020-10-06T09:57:26+00:00\",\"breadcrumb\":{\"@id\":\"https:\/\/innotub.eu\/eu\/politica-de-privacidad-www-irta-cat\/#breadcrumb\"},\"inLanguage\":\"eu-ES\",\"potentialAction\":[{\"@type\":\"ReadAction\",\"target\":[\"https:\/\/innotub.eu\/eu\/politica-de-privacidad-www-irta-cat\/\"]}]},{\"@type\":\"BreadcrumbList\",\"@id\":\"https:\/\/innotub.eu\/eu\/politica-de-privacidad-www-irta-cat\/#breadcrumb\",\"itemListElement\":[{\"@type\":\"ListItem\",\"position\":1,\"name\":\"Inici\",\"item\":\"https:\/\/innotub.eu\/eu\/\"},{\"@type\":\"ListItem\",\"position\":2,\"name\":\"Pol\u00edtica de privacidad\"}]}]}<\/script>\n<!-- \/ Yoast SEO plugin. -->","yoast_head_json":{"title":"Pol\u00edtica de privacidad &raquo; Innotub","robots":{"index":"index","follow":"follow","max-snippet":"max-snippet:-1","max-image-preview":"max-image-preview:large","max-video-preview":"max-video-preview:-1"},"canonical":"https:\/\/innotub.eu\/eu\/politica-de-privacidad-www-irta-cat\/","og_locale":"eu_ES","og_type":"article","og_title":"Pol\u00edtica de privacidad &raquo; Innotub","og_description":"Responsable del tratamiento Finalidad del tratamiento Duraci\u00f3n Legitimaci\u00f3n del tratamiento Lugar donde...","og_url":"https:\/\/innotub.eu\/eu\/politica-de-privacidad-www-irta-cat\/","og_site_name":"Innotub","article_modified_time":"2020-10-06T09:57:26+00:00","twitter_card":"summary_large_image","twitter_site":"@innotub","twitter_misc":{"Est. reading time":"6 minutes"},"schema":{"@context":"https:\/\/schema.org","@graph":[{"@type":"Organization","@id":"https:\/\/innotub.eu\/#organization","name":"Innotub","url":"https:\/\/innotub.eu\/","sameAs":["https:\/\/twitter.com\/innotub"],"logo":{"@type":"ImageObject","@id":"https:\/\/innotub.eu\/#logo","inLanguage":"eu-ES","url":"https:\/\/innotub.eu\/wp-content\/uploads\/2020\/08\/innotub-logo-COLOR.png","contentUrl":"https:\/\/innotub.eu\/wp-content\/uploads\/2020\/08\/innotub-logo-COLOR.png","width":7453,"height":1672,"caption":"Innotub"},"image":{"@id":"https:\/\/innotub.eu\/#logo"}},{"@type":"WebSite","@id":"https:\/\/innotub.eu\/#website","url":"https:\/\/innotub.eu\/","name":"Innotub","description":"Crear una xarxa cient\u00edfica d&#039;excel\u00b7l\u00e8ncia","publisher":{"@id":"https:\/\/innotub.eu\/#organization"},"potentialAction":[{"@type":"SearchAction","target":{"@type":"EntryPoint","urlTemplate":"https:\/\/innotub.eu\/?s={search_term_string}"},"query-input":"required name=search_term_string"}],"inLanguage":"eu-ES"},{"@type":"WebPage","@id":"https:\/\/innotub.eu\/eu\/politica-de-privacidad-www-irta-cat\/#webpage","url":"https:\/\/innotub.eu\/eu\/politica-de-privacidad-www-irta-cat\/","name":"Pol\u00edtica de privacidad &raquo; Innotub","isPartOf":{"@id":"https:\/\/innotub.eu\/#website"},"datePublished":"2020-10-06T07:29:04+00:00","dateModified":"2020-10-06T09:57:26+00:00","breadcrumb":{"@id":"https:\/\/innotub.eu\/eu\/politica-de-privacidad-www-irta-cat\/#breadcrumb"},"inLanguage":"eu-ES","potentialAction":[{"@type":"ReadAction","target":["https:\/\/innotub.eu\/eu\/politica-de-privacidad-www-irta-cat\/"]}]},{"@type":"BreadcrumbList","@id":"https:\/\/innotub.eu\/eu\/politica-de-privacidad-www-irta-cat\/#breadcrumb","itemListElement":[{"@type":"ListItem","position":1,"name":"Inici","item":"https:\/\/innotub.eu\/eu\/"},{"@type":"ListItem","position":2,"name":"Pol\u00edtica de privacidad"}]}]}},"_links":{"self":[{"href":"https:\/\/innotub.eu\/eu\/wp-json\/wp\/v2\/pages\/762"}],"collection":[{"href":"https:\/\/innotub.eu\/eu\/wp-json\/wp\/v2\/pages"}],"about":[{"href":"https:\/\/innotub.eu\/eu\/wp-json\/wp\/v2\/types\/page"}],"author":[{"embeddable":true,"href":"https:\/\/innotub.eu\/eu\/wp-json\/wp\/v2\/users\/3"}],"replies":[{"embeddable":true,"href":"https:\/\/innotub.eu\/eu\/wp-json\/wp\/v2\/comments?post=762"}],"version-history":[{"count":3,"href":"https:\/\/innotub.eu\/eu\/wp-json\/wp\/v2\/pages\/762\/revisions"}],"predecessor-version":[{"id":842,"href":"https:\/\/innotub.eu\/eu\/wp-json\/wp\/v2\/pages\/762\/revisions\/842"}],"wp:attachment":[{"href":"https:\/\/innotub.eu\/eu\/wp-json\/wp\/v2\/media?parent=762"}],"curies":[{"name":"wp","href":"https:\/\/api.w.org\/{rel}","templated":true}]}}