{"id":769,"date":"2020-10-06T08:18:17","date_gmt":"2020-10-06T08:18:17","guid":{"rendered":"http:\/\/innotub.volcanicvalley.com\/politica-de-cookies-eus\/"},"modified":"2020-10-06T09:57:18","modified_gmt":"2020-10-06T09:57:18","slug":"politica-de-cookies-eus","status":"publish","type":"page","link":"https:\/\/innotub.eu\/eu\/politica-de-cookies-eus\/","title":{"rendered":"Pol\u00edtica de cookies"},"content":{"rendered":"\n<p>Las cookies son peque\u00f1os archivos de texto que los sitios web pueden utilizar para que el usuario pueda hacer un uso m\u00e1s eficiente.\r\n\r\n<\/p>\n\n\n\n<p>La ley establece que podemos almacenar cookies en su dispositivo si son estrictamente necesarias para el funcionamiento de este sitio. Para todos los otros tipos de cookies necesitamos su permiso.\r\n\r\n<\/p>\n\n\n\n<p>Este sitio web utiliza diferentes tipos de cookies. En alguna ocasi\u00f3n, las cookies que aparecen en nuestras p\u00e1ginas provienen de servicios de terceros.\r\n\r\n<\/p>\n\n\n\n<p>En cualquier momento, usted podr\u00e1 cambiar o retirar su consentimiento de la Declaraci\u00f3n sobre uso de cookies en nuestro sitio web.\r\n\r\n<\/p>\n\n\n\n<p><p>Puede obtener m\u00e1s informaci\u00f3n sobre nosotros, sobre c\u00f3mo contactarnos y sobre nuestra forma de procesar fechas personales en nuestra Pol\u00edtica de privacidad.<\/p><\/p>\n\n\n\n<h2>\u00bfQu\u00e9 tipo de galletas se utilizan en el IRTA?<\/h2>\n\n\n\n<p>Seg\u00fan la entidad que las gestiona:<\/p>\n\n\n\n<p>Propias. Son galletas que se env\u00edan desde un equipo o dominio gestionado por el IRTA en el terminal del usuario.\r\n\r\n<\/p>\n\n\n\n<p>De terceros. Son galletas que se env\u00edan al terminal del usuario desde un equipo o dominio no gestionado ni controlado por el IRTA. En este caso se incluyen tambi\u00e9n las galletas instaladas por el IRTA que recopilan informaci\u00f3n gestionada por terceros. Las cookies de terceros pueden utilizarse para la medici\u00f3n y el an\u00e1lisis del comportamiento de los usuarios con el objetivo de mejorar su experiencia en la web del IRTA.\r\n\r\n<\/p>\n\n\n\n<p>Seg\u00fan el plazo de tiempo que permanecer\u00e1 encendida:<\/p>\n\n\n\n<p>De sesi\u00f3n. Recogen datos mientras el usuario navega por la web del IRTA con el fin de prestar el servicio solicitado. Caducan o se borran cuando se cierra el navegador.\r\n\r\n<\/p>\n\n\n\n<p>Persistentes. Se guardan en el terminal del usuario. Caducan en un per\u00edodo largo o medio de tiempo o no lo hacen nunca.\r\n\r\n<\/p>\n\n\n\n<p>Seg\u00fan la finalidad:<\/p>\n\n\n\n<p>T\u00e9cnicas. Son las necesarias para la correcta navegaci\u00f3n por la p\u00e1gina web.<\/p>\n\n\n\n<p>De personalizaci\u00f3n. Permiten al usuario definir las caracter\u00edsticas (idioma) para la navegaci\u00f3n por la p\u00e1gina web.\r\n\r\n<\/p>\n\n\n\n<p>De an\u00e1lisis. Permiten al IRTA el an\u00e1lisis vinculado a la navegaci\u00f3n realizada por el usuario a fin de llevar a cabo un seguimiento del uso de la p\u00e1gina web, as\u00ed como realizar estad\u00edsticas de los contenidos m\u00e1s visitados, del n\u00famero de visitantes, etc.\r\n\r\n<\/p>\n\n\n\n<p>Publicitarias.<\/p>\n\n\n\n<h2>\u00bfCu\u00e1les son las finalidades de las cookies utilizadas en el IRTA?<\/h2>\n\n\n\n<p>Las finalidades de las cookies utilizadas en el IRTA son:<\/p>\n\n\n\n<p>T\u00e9cnicas. El objetivo de este tipo de galletas es hacer posible que la navegaci\u00f3n por la p\u00e1gina sea satisfactoria. Este tipo de galletas permite que el sistema reconozca a los usuarios registrados y les recuerde el nombre de usuario y la contrase\u00f1a, entre otras funciones.\r\n\r\n<\/p>\n\n\n\n<p>De personalizaci\u00f3n. Estas cookies permiten que el usuario acceda a la web del IRTA con algunas caracter\u00edsticas de car\u00e1cter general predefinidas, tales como el idioma, el navegador o la localizaci\u00f3n geogr\u00e1fica desde donde se accede al servicio. Esta informaci\u00f3n de los usuarios permite al IRTA poder ofrecer un mejor servicio y m\u00e1s personalizado.\r\n\r\n<\/p>\n\n\n\n<p>Anal\u00edticas. Los datos an\u00f3nimos contenidos en estas galletas permiten la medici\u00f3n, el seguimiento y el estudio de la actividad de los usuarios para incorporar mejoras en los sitios web, aplicaciones y plataformas de IRTA.\r\n\r\n<\/p>\n\n\n\n<p>Publicitarias. Estas galletas hacen posible la gesti\u00f3n de los espacios publicitarios bas\u00e1ndose en criterios como la edici\u00f3n de contenidos o los h\u00e1bitos de navegaci\u00f3n de los usuarios.\r\n\r\n<\/p>\n","protected":false},"excerpt":{"rendered":"<p>Las cookies son peque\u00f1os archivos de texto que los sitios web pueden...<\/p>\n","protected":false},"author":3,"featured_media":0,"parent":0,"menu_order":0,"comment_status":"closed","ping_status":"closed","template":"","meta":[],"yoast_head":"<!-- This site is optimized with the Yoast SEO plugin v18.6 - https:\/\/yoast.com\/wordpress\/plugins\/seo\/ -->\n<title>Pol\u00edtica de cookies &raquo; Innotub<\/title>\n<meta name=\"robots\" content=\"index, follow, max-snippet:-1, max-image-preview:large, max-video-preview:-1\" \/>\n<link rel=\"canonical\" href=\"https:\/\/innotub.eu\/eu\/politica-de-cookies-eus\/\" \/>\n<meta property=\"og:locale\" content=\"eu_ES\" \/>\n<meta property=\"og:type\" content=\"article\" \/>\n<meta property=\"og:title\" content=\"Pol\u00edtica de cookies &raquo; Innotub\" \/>\n<meta property=\"og:description\" content=\"Las cookies son peque\u00f1os archivos de texto que los sitios web pueden...\" \/>\n<meta property=\"og:url\" content=\"https:\/\/innotub.eu\/eu\/politica-de-cookies-eus\/\" \/>\n<meta property=\"og:site_name\" content=\"Innotub\" \/>\n<meta property=\"article:modified_time\" content=\"2020-10-06T09:57:18+00:00\" \/>\n<meta name=\"twitter:card\" content=\"summary_large_image\" \/>\n<meta name=\"twitter:site\" content=\"@innotub\" \/>\n<meta name=\"twitter:label1\" content=\"Est. reading time\" \/>\n\t<meta name=\"twitter:data1\" content=\"3 minutes\" \/>\n<script type=\"application\/ld+json\" class=\"yoast-schema-graph\">{\"@context\":\"https:\/\/schema.org\",\"@graph\":[{\"@type\":\"Organization\",\"@id\":\"https:\/\/innotub.eu\/#organization\",\"name\":\"Innotub\",\"url\":\"https:\/\/innotub.eu\/\",\"sameAs\":[\"https:\/\/twitter.com\/innotub\"],\"logo\":{\"@type\":\"ImageObject\",\"@id\":\"https:\/\/innotub.eu\/#logo\",\"inLanguage\":\"eu-ES\",\"url\":\"https:\/\/innotub.eu\/wp-content\/uploads\/2020\/08\/innotub-logo-COLOR.png\",\"contentUrl\":\"https:\/\/innotub.eu\/wp-content\/uploads\/2020\/08\/innotub-logo-COLOR.png\",\"width\":7453,\"height\":1672,\"caption\":\"Innotub\"},\"image\":{\"@id\":\"https:\/\/innotub.eu\/#logo\"}},{\"@type\":\"WebSite\",\"@id\":\"https:\/\/innotub.eu\/#website\",\"url\":\"https:\/\/innotub.eu\/\",\"name\":\"Innotub\",\"description\":\"Crear una xarxa cient\u00edfica d&#039;excel\u00b7l\u00e8ncia\",\"publisher\":{\"@id\":\"https:\/\/innotub.eu\/#organization\"},\"potentialAction\":[{\"@type\":\"SearchAction\",\"target\":{\"@type\":\"EntryPoint\",\"urlTemplate\":\"https:\/\/innotub.eu\/?s={search_term_string}\"},\"query-input\":\"required name=search_term_string\"}],\"inLanguage\":\"eu-ES\"},{\"@type\":\"WebPage\",\"@id\":\"https:\/\/innotub.eu\/eu\/politica-de-cookies-eus\/#webpage\",\"url\":\"https:\/\/innotub.eu\/eu\/politica-de-cookies-eus\/\",\"name\":\"Pol\u00edtica de cookies &raquo; Innotub\",\"isPartOf\":{\"@id\":\"https:\/\/innotub.eu\/#website\"},\"datePublished\":\"2020-10-06T08:18:17+00:00\",\"dateModified\":\"2020-10-06T09:57:18+00:00\",\"breadcrumb\":{\"@id\":\"https:\/\/innotub.eu\/eu\/politica-de-cookies-eus\/#breadcrumb\"},\"inLanguage\":\"eu-ES\",\"potentialAction\":[{\"@type\":\"ReadAction\",\"target\":[\"https:\/\/innotub.eu\/eu\/politica-de-cookies-eus\/\"]}]},{\"@type\":\"BreadcrumbList\",\"@id\":\"https:\/\/innotub.eu\/eu\/politica-de-cookies-eus\/#breadcrumb\",\"itemListElement\":[{\"@type\":\"ListItem\",\"position\":1,\"name\":\"Inici\",\"item\":\"https:\/\/innotub.eu\/eu\/\"},{\"@type\":\"ListItem\",\"position\":2,\"name\":\"Pol\u00edtica de cookies\"}]}]}<\/script>\n<!-- \/ Yoast SEO plugin. -->","yoast_head_json":{"title":"Pol\u00edtica de cookies &raquo; Innotub","robots":{"index":"index","follow":"follow","max-snippet":"max-snippet:-1","max-image-preview":"max-image-preview:large","max-video-preview":"max-video-preview:-1"},"canonical":"https:\/\/innotub.eu\/eu\/politica-de-cookies-eus\/","og_locale":"eu_ES","og_type":"article","og_title":"Pol\u00edtica de cookies &raquo; Innotub","og_description":"Las cookies son peque\u00f1os archivos de texto que los sitios web pueden...","og_url":"https:\/\/innotub.eu\/eu\/politica-de-cookies-eus\/","og_site_name":"Innotub","article_modified_time":"2020-10-06T09:57:18+00:00","twitter_card":"summary_large_image","twitter_site":"@innotub","twitter_misc":{"Est. reading time":"3 minutes"},"schema":{"@context":"https:\/\/schema.org","@graph":[{"@type":"Organization","@id":"https:\/\/innotub.eu\/#organization","name":"Innotub","url":"https:\/\/innotub.eu\/","sameAs":["https:\/\/twitter.com\/innotub"],"logo":{"@type":"ImageObject","@id":"https:\/\/innotub.eu\/#logo","inLanguage":"eu-ES","url":"https:\/\/innotub.eu\/wp-content\/uploads\/2020\/08\/innotub-logo-COLOR.png","contentUrl":"https:\/\/innotub.eu\/wp-content\/uploads\/2020\/08\/innotub-logo-COLOR.png","width":7453,"height":1672,"caption":"Innotub"},"image":{"@id":"https:\/\/innotub.eu\/#logo"}},{"@type":"WebSite","@id":"https:\/\/innotub.eu\/#website","url":"https:\/\/innotub.eu\/","name":"Innotub","description":"Crear una xarxa cient\u00edfica d&#039;excel\u00b7l\u00e8ncia","publisher":{"@id":"https:\/\/innotub.eu\/#organization"},"potentialAction":[{"@type":"SearchAction","target":{"@type":"EntryPoint","urlTemplate":"https:\/\/innotub.eu\/?s={search_term_string}"},"query-input":"required name=search_term_string"}],"inLanguage":"eu-ES"},{"@type":"WebPage","@id":"https:\/\/innotub.eu\/eu\/politica-de-cookies-eus\/#webpage","url":"https:\/\/innotub.eu\/eu\/politica-de-cookies-eus\/","name":"Pol\u00edtica de cookies &raquo; Innotub","isPartOf":{"@id":"https:\/\/innotub.eu\/#website"},"datePublished":"2020-10-06T08:18:17+00:00","dateModified":"2020-10-06T09:57:18+00:00","breadcrumb":{"@id":"https:\/\/innotub.eu\/eu\/politica-de-cookies-eus\/#breadcrumb"},"inLanguage":"eu-ES","potentialAction":[{"@type":"ReadAction","target":["https:\/\/innotub.eu\/eu\/politica-de-cookies-eus\/"]}]},{"@type":"BreadcrumbList","@id":"https:\/\/innotub.eu\/eu\/politica-de-cookies-eus\/#breadcrumb","itemListElement":[{"@type":"ListItem","position":1,"name":"Inici","item":"https:\/\/innotub.eu\/eu\/"},{"@type":"ListItem","position":2,"name":"Pol\u00edtica de cookies"}]}]}},"_links":{"self":[{"href":"https:\/\/innotub.eu\/eu\/wp-json\/wp\/v2\/pages\/769"}],"collection":[{"href":"https:\/\/innotub.eu\/eu\/wp-json\/wp\/v2\/pages"}],"about":[{"href":"https:\/\/innotub.eu\/eu\/wp-json\/wp\/v2\/types\/page"}],"author":[{"embeddable":true,"href":"https:\/\/innotub.eu\/eu\/wp-json\/wp\/v2\/users\/3"}],"replies":[{"embeddable":true,"href":"https:\/\/innotub.eu\/eu\/wp-json\/wp\/v2\/comments?post=769"}],"version-history":[{"count":3,"href":"https:\/\/innotub.eu\/eu\/wp-json\/wp\/v2\/pages\/769\/revisions"}],"predecessor-version":[{"id":841,"href":"https:\/\/innotub.eu\/eu\/wp-json\/wp\/v2\/pages\/769\/revisions\/841"}],"wp:attachment":[{"href":"https:\/\/innotub.eu\/eu\/wp-json\/wp\/v2\/media?parent=769"}],"curies":[{"name":"wp","href":"https:\/\/api.w.org\/{rel}","templated":true}]}}