{"id":775,"date":"2020-10-06T08:44:25","date_gmt":"2020-10-06T08:44:25","guid":{"rendered":"http:\/\/innotub.volcanicvalley.com\/aviso-legal\/"},"modified":"2020-10-06T09:57:10","modified_gmt":"2020-10-06T09:57:10","slug":"aviso-legal","status":"publish","type":"page","link":"https:\/\/innotub.eu\/eu\/aviso-legal\/","title":{"rendered":"Aviso legal"},"content":{"rendered":"\n<p><p><strong>IRTA.es<\/strong>\u00a0(<a href=\"http:\/\/www.irta.es\/\">http:\/\/www.irta.es<\/a>) es un dominio del Instituto de Investigaci\u00f3n y Tecnolog\u00eda Agroalimentaria (IRTA) con NIF n\u00ba Q-5855049-B y domicilio en Torre Marimon, C-59, Km. 12,1 de Caldes de Montbui (Barcelona) CP-08140, tel. 93 467 40 40 y direcci\u00f3n (<a href=\"mailto:irta@irta.cat\">irta@irta.cat<\/a>).<\/p><\/p>\n\n\n\n<p><p>El IRTA es una empresa p\u00fablica de la Generalitat de Catalunya, regulada por la Ley 4\/2009 de 15 de abril del Parlamento (BOE de 23 de abril de 2009) que tiene como finalidad\u00a0<span lang=\"CA\">contribuir a la modernizaci\u00f3n, la mejora y el impulso de<\/span><i><span lang=\"ES-MODERN\">\u00a0<\/span><\/i><span lang=\"CA\">la competitividad; al desarrollo sostenible de los sectores agrario, alimentario, agroforestal, acu\u00edcola y pesquero, y tambi\u00e9n de los directamente o indirectamente relacionados con la provisi\u00f3n de alimentos sanos y de calidad a los consumidores finales; a la seguridad alimentaria y a la transformaci\u00f3n de los alimentos, y, en general, a la mejora del bienestar y la salud de la poblaci\u00f3n.<\/span><\/p><\/p>\n\n\n\n<p><p dir=\"ltr\" align=\"justify\">El IRTA ejerce su actividad directamente o tambi\u00e9n a trav\u00e9s de una\u00a0<b>red<\/b><strong>\u00a0de centros consorciados\u00a0<\/strong>(entre el IRTA, Universidades, CSIC, Diputaciones, etc.) que puede definirse como la de un sistema cooperativo de I+D.<\/p><\/p>\n\n\n\n<p>Mediante el dominio IRTA.es, la empresa gestiona su portal web, sin perjuicio que puntualmente o de manera permanente pueda haber otras direcciones electr\u00f3nicas que tambi\u00e9n accedan a los contenidos y servicios prestados mediante el sitio web IRTA.es.\r\n\r\n<\/p>\n\n\n\n<h5>Acceso Usuarios<\/h5>\n\n\n\n<p>El acceso y\/o uso de los portes del IRTA atribuya la condici\u00f3n de usuario e implica la aceptaci\u00f3n de las condiciones de acceso y uso que constan en este aviso legal, as\u00ed como la pol\u00edtica de privacidad y datos personales. Las citadas condiciones ser\u00e1n de aplicaci\u00f3n independientemente de las condiciones generales de contrataci\u00f3n y de comercio electr\u00f3nico que en su caso resulten de aplicaci\u00f3n en las funcionalidades que ofrece el portal. El usuario se compromete a utilizar los servicios y la informaci\u00f3n facilitada en el portal IRTA.es bajo criterios de buena fe.\r\n\r\n<\/p>\n\n\n\n<p>El acceso inicial al portal es gratuito. As\u00ed mismo pueden existir funcionalidades o servicios sujetos al pago de un precio en las condiciones que en cada caso se establezcan.\r\n\r\n<\/p>\n\n\n\n<p>En caso que por utilizar determinadas funciones o servicios se necesite el registro del usuario, este se efectuar\u00e1 mediante formularios de recaptaci\u00f3n de datos y con sujeci\u00f3n a las prevenciones de la legislaci\u00f3n de protecci\u00f3n de datos personales que se describen en este aviso legal.\r\n\r\n<\/p>\n\n\n\n<p>Para utilizar el portal los menores de edad han de disponer del permiso de los padres, madres o representantes legales, que ser\u00e1n responsables.\r\n\r\n<\/p>\n\n\n\n<h5><p dir=\"ltr\" align=\"justify\"><strong>Protecci\u00f3n de los derechos de propiedad intelectual e industrial<\/strong><\/p><\/h5>\n\n\n\n<p>Son titularidad del IRTA los derechos de Propiedad Intelectual e Industrial del portal IRTA.es, que incluye los contenidos y elementos gr\u00e1ficos, su c\u00f3digo fuente, dise\u00f1o, estructura de navegaci\u00f3n, bases de datos y otros elementos que forman parte del sitio web. Por tanto, corresponde en exclusiva al IRTA el ejercicio, en exclusiva, de los derechos de explotaci\u00f3n en cualquier forma y, en concreto, de los derechos de reproducci\u00f3n, distribuci\u00f3n, comunicaci\u00f3n p\u00fablica y transformaci\u00f3n. Cualquier uso o reproducci\u00f3n que los usuarios hagan de estos contenidos, o de otros que puedan incluirse en el futuro, se han de realizar siguiendo las previsiones y respetando las limitaciones de la normativa de Propiedad Intelectual y en cualquier caso con la autorizaci\u00f3n del IRTA, sin perjuicio de los l\u00edmites que establece el Real Decreto 1\/1996, del 12 de abril, por la que se aprueba el texto refundido de la Ley de Propiedad Intelectual.\r\n\r\n<\/p>\n\n\n\n<p><p dir=\"ltr\" align=\"justify\"><u><b>Reserva de derechos:<\/b><\/u>\u00a0el IRTA explicita una reserva de derechos con car\u00e1cter general respecto del conjunto de los contenidos difundidos en el sitio web que son objeto de propiedad intelectual e industrial. De acuerdo con lo previsto en el art\u00edculo 32 del texto refundido de la Ley de Propiedad Intelectual, el IRTA se opone expresamente al uso de cualquiera de los contenidos del portal en cualquier formato, con la finalidad de realizar rese\u00f1as o revistas de prensa, producciones audiovisuales o cualquier otra finalidad comercial, sin la previa autorizaci\u00f3n expresa.<\/p><\/p>\n\n\n\n<p>Este aviso legal no supone ninguna cesi\u00f3n de derechos a favor del usuario en relaci\u00f3n a ninguno de los elementos integrantes de la web o de sus contenidos.\r\n\r\n<\/p>\n\n\n\n<p>No se autoriza en ning\u00fan caso:<\/p>\n\n\n\n<ul><li><p>Presentaci\u00f3n de una p\u00e1gina del portal IRTA.es o cualquier contenido de esta en una ventana que no pertenezca a IRTA.es por medio de cualquier t\u00e9cnica o procedimiento incluyendo&nbsp;<em>framing, in line linking, etc.<\/em><\/p><\/li><li>La extracci\u00f3n de elementos del sitio web que causen perjuicio al IRTA conforme a las disposiciones vigentes.\r\n<\/li><li>El uso comercial de los contenidos del sitio web IRTA.es.<\/li><li>El uso de marcas o signos distintivos, logotipos, combinaciones de colores, estructura, dise\u00f1o y en general s\u00edmbolos distintivos de cualquier naturaleza, propiedad del IRTA, sin su conocimiento y la autorizaci\u00f3n correspondiente de la empresa.\r\n<\/li><li>El uso de contenidos en actividades il\u00edcitas, ilegales o contrarias a la buena fe y al orden p\u00fablico.\r\n<\/li><li>Difundir contenidos o propaganda de car\u00e1cter racista o xen\u00f3fobo, pornogr\u00e1fico, ilegal o que atente contra los derechos humanos.\r\n<\/li><li>Provocar da\u00f1os en los sistemas f\u00edsicos y l\u00f3gicos del IRTA, de sus proveedores o de terceras personas; introducir o difundir en la red virus inform\u00e1ticos u otros sistemas f\u00edsicos o l\u00f3gicos que sean susceptibles de provocar da\u00f1os anteriormente citados.\r\n<\/li><li>Intentar acceder y, en su caso, utilizar las cuentas de correo electr\u00f3nico de otros usuarios y modificar o manipular sus mensajes.\r\n<\/li><\/ul>\n\n\n\n<p>El usuario podr\u00e1 visualizar los contenidos de este portal, copiarlos, imprimirlos en su ordenador o cualquier otro soporte con destino exclusivo para su uso personal y privado.\r\n\r\n<\/p>\n\n\n\n<h5><p dir=\"ltr\" align=\"justify\"><strong>Pol\u00edtica de Privacidad y datos personales<\/strong><\/p><\/h5>\n\n\n\n<p><p><strong>A) Datos recogidos a trav\u00e9s de formulario<\/strong><\/p><\/p>\n\n\n\n<p>El IRTA, como responsable del lugar web, de conformidad con lo que dispone el Reglamento (UE) 2016\/679, de 27 de abril, relativo a la protecci\u00f3n de las personas f\u00edsicas en lo que respecta al tratamiento de los datos personales (en adelante, \u00abRGPD\u00bb), y la Ley 34\/2002, de 11 de julio, de servicios de la sociedad de la informaci\u00f3n y del comercio electr\u00f3nico (LSSICE), le informa que ha implantado las medidas de seguridad necesarias, de \u00edndole t\u00e9cnica y organizativa, para garantizar y proteger la confidencialidad, la integridad y la disponibilidad de los datos introducidos.\r\n\r\n<\/p>\n\n\n\n<p><p>Consulte la POL\u00cdTICA DE PRIVACITAT de la web\u00a0<a href=\"http:\/\/www.irta.cat\/\">www.irta.cat<\/a>\u00a0al siguiente enlace:\u00a0<a href=\"http:\/\/www.irta.cat\/es\/politica-de-privacidad\/\" target=\"_blank\" rel=\"noopener noreferrer\">www.irta.cat\/es\/politica-de-privacidad<\/a><\/p><\/p>\n\n\n\n<p><p><strong>B) Datos de navegaci\u00f3n<\/strong><\/p><\/p>\n\n\n\n<p>El sistema de navegaci\u00f3n y el programario necesarios para el funcionamiento de este lugar web recogen, de manera est\u00e1ndar, algunos datos la transmisi\u00f3n de las cuales es impl\u00edcita en el uso de los protocolos de comunicaci\u00f3n de Internet. En esta categor\u00eda de datos hay la direcci\u00f3n IP o nombre de dominio del ordenador utilizado por la persona usuaria para conectarse al lugar web, la direcci\u00f3n URL del recurso solicitado, la hora, el m\u00e9todo utilizado para la consulta al servidor, el tama\u00f1o del archivo obtenido en la respuesta, el c\u00f3digo num\u00e9rico que indica el estado de la respuesta al servidor, y otros par\u00e1metros relativos al sistema operativo del entorno inform\u00e1tico de la persona usuaria.\r\n\r\n<\/p>\n\n\n\n<p><p>Esta informaci\u00f3n no se asocia a persones usuarias concretas y se utiliza con la finalidad exclusiva de obtener informaci\u00f3n estad\u00edstica sobre el uso del lugar web\u00a0<a href=\"http:\/\/www.irta.xn--cat-4la\/\">www.irta.cat<\/a>.<\/p><\/p>\n\n\n\n<h5><p dir=\"ltr\" align=\"justify\"><strong>Responsabilidad con relaci\u00f3n a los contenidos<\/strong><\/p><\/h5>\n\n\n\n<p>El IRTA se reserva el derecho de modificar los contenidos del web y de eliminarlos, as\u00ed como tambi\u00e9n de limitar o impedir el acceso ya sea temporalmente o definitiva, sin notificaci\u00f3n previa. \r\n\r\n<\/p>\n\n\n\n<p>El IRTA no se hace responsable del acceso t\u00e9cnico, la informaci\u00f3n o de los contenidos de otras p\u00e1ginas web a las cuales remite o con las que se pueda enlazar desde el portal IRTA.es.<\/p>\n\n\n\n<p> El IRTA no se identifica necesariamente con las opiniones expresadas por sus colaboradores.<\/p>\n\n\n\n<h5><p dir=\"ltr\" align=\"justify\"><strong>Derecho de exclusi\u00f3n<\/strong><\/p><\/h5>\n\n\n\n<p>El IRTA se reserva el derecho de denegar o retirar el acceso a sus websites y\/o los servicios ofrecidos sin necesidad de previo aviso, a instancia propia o de un tercero, a aquellos usuarios que incumplan las presentes condiciones generales.\r\n\r\n<\/p>\n\n\n\n<h5><p dir=\"ltr\" align=\"justify\"><strong>Chats y Foros, encuestas y otras funcionalidades interactivas<\/strong><\/p><\/h5>\n\n\n\n<p>El portal IRTA.es puede disponer de secciones de car\u00e1cter p\u00fablico y participativo (foros, chats, encuestas, etc.), entendiendo como tales aquellos que son accesibles por todos los usuarios en general, para interactuar. En determinados casos se establecen las condiciones de participaci\u00f3n que tendr\u00e1n que ser previamente aceptadas, as\u00ed como el registro obligatorio del usuario en cuyo caso, adem\u00e1s de las condiciones de participaci\u00f3n se habr\u00e1n de aceptar la cesi\u00f3n de datos personales a efectos de dar cumplimiento a la pol\u00edtica y legislaci\u00f3n de protecci\u00f3n de datos personales.\r\n\r\n<\/p>\n\n\n\n<p>Con relaci\u00f3n a los contenidos que el usuario decida enviar para su inclusi\u00f3n en estos espacios, se establecen las siguientes condiciones de uso y acceso:\r\n\r\n<\/p>\n\n\n\n<p>1.- Responsabilidades: El IRTA no se hace responsable por el contenido de los mensajes, informaciones, opiniones que efect\u00faen los usuarios y se reserva el derecho de impedir el acceso de contenidos il\u00edcitos o ileg\u00edtimos o que puedan perjudicar derechos leg\u00edtimos de cualquier clase o de retirar o eliminar los que se hayan aportado, en especial en caso de incompatibilidad de estas condiciones.\r\n\r\n<\/p>\n\n\n\n<p>2.- Propiedad Intelectual: El IRTA tendr\u00e1 derecho a reproducir, modificar (mediante extractos, res\u00famenes, rese\u00f1as), adaptar y publicar, incluida comunicaci\u00f3n p\u00fablica, los contenidos, ya sean textos, fotograf\u00edas, gr\u00e1ficos, etc., con el objeto de promover la propia secci\u00f3n a la que se ha tramitado, as\u00ed como para utilizarlos en las actividades y publicaciones del IRTA, en cualquier formato y soporte. La licencia es gratuita y se establece por el tiempo hasta su paso al dominio p\u00fablico que permita en cada momento la legislaci\u00f3n de Propiedad Intelectual vigente. Los usuarios s\u00f3lo enviar\u00e1n contenidos de los que sean autores originales o dispongan de los derechos de su titular, sin perjuicio de informar de la URL del propietario o derecho habido por enlazar a los referidos contenidos.\r\n\r\n<\/p>\n\n\n\n<p>3.- El IRTA no retornar\u00e1 ning\u00fan contenido de los transmitidos ni adquiere ninguna obligaci\u00f3n de contestar a los usuarios.\r\n\r\n<\/p>\n\n\n\n<p>4.- Los datos personales que consten en las funcionalidades interactivas y en sus contenidos no se pueden utilizar en beneficio o usos que no hayan sido autorizados expresamente por su titular. El usuario responder\u00e1 de la veracidad de los datos facilitados.\r\n\r\n<\/p>\n\n\n\n<p>5.- Los usuarios respetar\u00e1n las opiniones de los otros usuarios o participantes, y se abstendr\u00e1n de utilizar lenguaje ofensivo o difamatorio, racista o violento o que atente contra la legalidad vigente.\r\n\r\n<\/p>\n\n\n\n<p>6.- No se podr\u00e1n realizar comunicaciones comerciales ni no autorizadas.<\/p>\n\n\n\n<p>7.- Es necesario advertir que los datos personales que faciliten los usuarios podr\u00e1n ser vistos por cualquier otro usuario o participante. Si se trata de datos de terceros es necesario disponer de su consentimiento expreso.\r\n\r\n<\/p>\n\n\n\n<p>8.- En el caso de encuestas, el usuario podr\u00e1 participar de forma an\u00f3nima, y el IRTA no se hace responsable del uso que los usuarios puedan hacer de sus resultados.\r\n\r\n<\/p>\n\n\n\n<h5><p dir=\"ltr\" align=\"justify\"><strong>Suscripciones<\/strong><\/p><\/h5>\n\n\n\n<p>La suscripci\u00f3n, gratuita o no, a productos o boletines (newsletter) editados per el IRTA que se realicen a trav\u00e9s de este portal IRTA.es ser\u00e1 voluntaria y supondr\u00e1 la aceptaci\u00f3n de las condiciones que en cada caso se establecen y que el usuario tendr\u00e1 que aceptar expresamente. Tambi\u00e9n implicar\u00e1, la aceptaci\u00f3n por recibir informaci\u00f3n comercial de productos y servicios del IRTA y de empresas vinculadas o centros concertados. El hecho de darse de alta en estos servicios comporta la autorizaci\u00f3n al IRTA para efectuar este tipo de comunicaciones, pudiendo el usuario revocar la autorizaci\u00f3n con una comunicaci\u00f3n por escrito en la forma que el IRTA le indicar\u00e1 en cada caso.\r\n\r\n<\/p>\n\n\n\n<h5><p dir=\"ltr\" align=\"justify\"><strong>Generalidades<\/strong><\/p><\/h5>\n\n\n\n<p>El IRTA perseguir\u00e1 el incumplimiento de las presentes condiciones as\u00ed como cualquier utilizaci\u00f3n indebida de sus websites ejerciendo todas las acciones civiles y penales que le puedan corresponder por derecho.\r\n\r\n<\/p>\n\n\n\n<p>El IRTA no puede garantizar que el portal y el servidor est\u00e9n libres de virus por lo que no se hace responsable de los da\u00f1os o perjuicios que se puedan causar por estas anomal\u00edas o cualquier otra de \u00edndole t\u00e9cnica.\r\n\r\n<\/p>\n\n\n\n<h5><p dir=\"ltr\" align=\"justify\"><strong>Modificaci\u00f3n de las presentes condiciones y duraci\u00f3n<\/strong><\/p><\/h5>\n\n\n\n<p>El IRTA podr\u00e1 modificar en cualquier momento las condiciones aqu\u00ed determinadas, siendo debidamente publicadas como aqu\u00ed aparecen. La vigencia de las citadas condiciones ser\u00e1 en funci\u00f3n de su exposici\u00f3n y estar\u00e1n vigentes hasta que sean modificadas por otras debidamente publicadas.\r\n\r\n<\/p>\n\n\n\n<h5><p dir=\"ltr\" align=\"justify\"><strong>Legislaci\u00f3n aplicable y jurisdicci\u00f3n<\/strong><\/p><\/h5>\n\n\n\n<p>La relaci\u00f3n entre el IRTA y los usuarios se regir\u00e1 por la normativa espa\u00f1ola vigente y cualquier controversia se someter\u00e1 a los juzgados y tribunales de la ciudad de Barcelona.\r\n\r\n<\/p>\n\n\n\n<h5><p dir=\"ltr\" align=\"justify\"><strong>Reutilizaci\u00f3n&nbsp;de contenidos<\/strong><\/p><\/h5>\n\n\n\n<p>De acuerdo con el art\u00edculo 17.1 de la Ley 19\/2014, la \u00a9Generalitat de Catalunya permite la reutilizaci\u00f3n de los contenidos y de los datos siempre que se cite la fuente y la fecha de actualizaci\u00f3n y que no se desnaturalice la informaci\u00f3n (art\u00edculo 8 de la Ley 37\/2007) y tambi\u00e9n que no secontradiga con una licencia espec\u00edfica.\r\n\r\n<\/p>\n","protected":false},"excerpt":{"rendered":"<p>IRTA.es\u00a0(http:\/\/www.irta.es) es un dominio del Instituto de Investigaci\u00f3n y Tecnolog\u00eda Agroalimentaria (IRTA)...<\/p>\n","protected":false},"author":3,"featured_media":0,"parent":0,"menu_order":0,"comment_status":"closed","ping_status":"closed","template":"","meta":[],"yoast_head":"<!-- This site is optimized with the Yoast SEO plugin v18.6 - https:\/\/yoast.com\/wordpress\/plugins\/seo\/ -->\n<title>Aviso legal &raquo; Innotub<\/title>\n<meta name=\"robots\" content=\"index, follow, max-snippet:-1, max-image-preview:large, max-video-preview:-1\" \/>\n<link rel=\"canonical\" href=\"https:\/\/innotub.eu\/eu\/aviso-legal\/\" \/>\n<meta property=\"og:locale\" content=\"eu_ES\" \/>\n<meta property=\"og:type\" content=\"article\" \/>\n<meta property=\"og:title\" content=\"Aviso legal &raquo; Innotub\" \/>\n<meta property=\"og:description\" content=\"IRTA.es\u00a0(http:\/\/www.irta.es) es un dominio del Instituto de Investigaci\u00f3n y Tecnolog\u00eda Agroalimentaria (IRTA)...\" \/>\n<meta property=\"og:url\" content=\"https:\/\/innotub.eu\/eu\/aviso-legal\/\" \/>\n<meta property=\"og:site_name\" content=\"Innotub\" \/>\n<meta property=\"article:modified_time\" content=\"2020-10-06T09:57:10+00:00\" \/>\n<meta name=\"twitter:card\" content=\"summary_large_image\" \/>\n<meta name=\"twitter:site\" content=\"@innotub\" \/>\n<meta name=\"twitter:label1\" content=\"Est. reading time\" \/>\n\t<meta name=\"twitter:data1\" content=\"11 minutes\" \/>\n<script type=\"application\/ld+json\" class=\"yoast-schema-graph\">{\"@context\":\"https:\/\/schema.org\",\"@graph\":[{\"@type\":\"Organization\",\"@id\":\"https:\/\/innotub.eu\/#organization\",\"name\":\"Innotub\",\"url\":\"https:\/\/innotub.eu\/\",\"sameAs\":[\"https:\/\/twitter.com\/innotub\"],\"logo\":{\"@type\":\"ImageObject\",\"@id\":\"https:\/\/innotub.eu\/#logo\",\"inLanguage\":\"eu-ES\",\"url\":\"https:\/\/innotub.eu\/wp-content\/uploads\/2020\/08\/innotub-logo-COLOR.png\",\"contentUrl\":\"https:\/\/innotub.eu\/wp-content\/uploads\/2020\/08\/innotub-logo-COLOR.png\",\"width\":7453,\"height\":1672,\"caption\":\"Innotub\"},\"image\":{\"@id\":\"https:\/\/innotub.eu\/#logo\"}},{\"@type\":\"WebSite\",\"@id\":\"https:\/\/innotub.eu\/#website\",\"url\":\"https:\/\/innotub.eu\/\",\"name\":\"Innotub\",\"description\":\"Crear una xarxa cient\u00edfica d&#039;excel\u00b7l\u00e8ncia\",\"publisher\":{\"@id\":\"https:\/\/innotub.eu\/#organization\"},\"potentialAction\":[{\"@type\":\"SearchAction\",\"target\":{\"@type\":\"EntryPoint\",\"urlTemplate\":\"https:\/\/innotub.eu\/?s={search_term_string}\"},\"query-input\":\"required name=search_term_string\"}],\"inLanguage\":\"eu-ES\"},{\"@type\":\"WebPage\",\"@id\":\"https:\/\/innotub.eu\/eu\/aviso-legal\/#webpage\",\"url\":\"https:\/\/innotub.eu\/eu\/aviso-legal\/\",\"name\":\"Aviso legal &raquo; Innotub\",\"isPartOf\":{\"@id\":\"https:\/\/innotub.eu\/#website\"},\"datePublished\":\"2020-10-06T08:44:25+00:00\",\"dateModified\":\"2020-10-06T09:57:10+00:00\",\"breadcrumb\":{\"@id\":\"https:\/\/innotub.eu\/eu\/aviso-legal\/#breadcrumb\"},\"inLanguage\":\"eu-ES\",\"potentialAction\":[{\"@type\":\"ReadAction\",\"target\":[\"https:\/\/innotub.eu\/eu\/aviso-legal\/\"]}]},{\"@type\":\"BreadcrumbList\",\"@id\":\"https:\/\/innotub.eu\/eu\/aviso-legal\/#breadcrumb\",\"itemListElement\":[{\"@type\":\"ListItem\",\"position\":1,\"name\":\"Inici\",\"item\":\"https:\/\/innotub.eu\/eu\/\"},{\"@type\":\"ListItem\",\"position\":2,\"name\":\"Aviso legal\"}]}]}<\/script>\n<!-- \/ Yoast SEO plugin. -->","yoast_head_json":{"title":"Aviso legal &raquo; Innotub","robots":{"index":"index","follow":"follow","max-snippet":"max-snippet:-1","max-image-preview":"max-image-preview:large","max-video-preview":"max-video-preview:-1"},"canonical":"https:\/\/innotub.eu\/eu\/aviso-legal\/","og_locale":"eu_ES","og_type":"article","og_title":"Aviso legal &raquo; Innotub","og_description":"IRTA.es\u00a0(http:\/\/www.irta.es) es un dominio del Instituto de Investigaci\u00f3n y Tecnolog\u00eda Agroalimentaria (IRTA)...","og_url":"https:\/\/innotub.eu\/eu\/aviso-legal\/","og_site_name":"Innotub","article_modified_time":"2020-10-06T09:57:10+00:00","twitter_card":"summary_large_image","twitter_site":"@innotub","twitter_misc":{"Est. reading time":"11 minutes"},"schema":{"@context":"https:\/\/schema.org","@graph":[{"@type":"Organization","@id":"https:\/\/innotub.eu\/#organization","name":"Innotub","url":"https:\/\/innotub.eu\/","sameAs":["https:\/\/twitter.com\/innotub"],"logo":{"@type":"ImageObject","@id":"https:\/\/innotub.eu\/#logo","inLanguage":"eu-ES","url":"https:\/\/innotub.eu\/wp-content\/uploads\/2020\/08\/innotub-logo-COLOR.png","contentUrl":"https:\/\/innotub.eu\/wp-content\/uploads\/2020\/08\/innotub-logo-COLOR.png","width":7453,"height":1672,"caption":"Innotub"},"image":{"@id":"https:\/\/innotub.eu\/#logo"}},{"@type":"WebSite","@id":"https:\/\/innotub.eu\/#website","url":"https:\/\/innotub.eu\/","name":"Innotub","description":"Crear una xarxa cient\u00edfica d&#039;excel\u00b7l\u00e8ncia","publisher":{"@id":"https:\/\/innotub.eu\/#organization"},"potentialAction":[{"@type":"SearchAction","target":{"@type":"EntryPoint","urlTemplate":"https:\/\/innotub.eu\/?s={search_term_string}"},"query-input":"required name=search_term_string"}],"inLanguage":"eu-ES"},{"@type":"WebPage","@id":"https:\/\/innotub.eu\/eu\/aviso-legal\/#webpage","url":"https:\/\/innotub.eu\/eu\/aviso-legal\/","name":"Aviso legal &raquo; Innotub","isPartOf":{"@id":"https:\/\/innotub.eu\/#website"},"datePublished":"2020-10-06T08:44:25+00:00","dateModified":"2020-10-06T09:57:10+00:00","breadcrumb":{"@id":"https:\/\/innotub.eu\/eu\/aviso-legal\/#breadcrumb"},"inLanguage":"eu-ES","potentialAction":[{"@type":"ReadAction","target":["https:\/\/innotub.eu\/eu\/aviso-legal\/"]}]},{"@type":"BreadcrumbList","@id":"https:\/\/innotub.eu\/eu\/aviso-legal\/#breadcrumb","itemListElement":[{"@type":"ListItem","position":1,"name":"Inici","item":"https:\/\/innotub.eu\/eu\/"},{"@type":"ListItem","position":2,"name":"Aviso legal"}]}]}},"_links":{"self":[{"href":"https:\/\/innotub.eu\/eu\/wp-json\/wp\/v2\/pages\/775"}],"collection":[{"href":"https:\/\/innotub.eu\/eu\/wp-json\/wp\/v2\/pages"}],"about":[{"href":"https:\/\/innotub.eu\/eu\/wp-json\/wp\/v2\/types\/page"}],"author":[{"embeddable":true,"href":"https:\/\/innotub.eu\/eu\/wp-json\/wp\/v2\/users\/3"}],"replies":[{"embeddable":true,"href":"https:\/\/innotub.eu\/eu\/wp-json\/wp\/v2\/comments?post=775"}],"version-history":[{"count":2,"href":"https:\/\/innotub.eu\/eu\/wp-json\/wp\/v2\/pages\/775\/revisions"}],"predecessor-version":[{"id":840,"href":"https:\/\/innotub.eu\/eu\/wp-json\/wp\/v2\/pages\/775\/revisions\/840"}],"wp:attachment":[{"href":"https:\/\/innotub.eu\/eu\/wp-json\/wp\/v2\/media?parent=775"}],"curies":[{"name":"wp","href":"https:\/\/api.w.org\/{rel}","templated":true}]}}